{"id":1493,"date":"2018-04-12T14:05:01","date_gmt":"2018-04-12T12:05:01","guid":{"rendered":"https:\/\/ermitaberriip.educacion.navarra.es\/web\/?page_id=1493"},"modified":"2023-02-07T12:47:51","modified_gmt":"2023-02-07T11:47:51","slug":"martingala-los-carnavales-de-burlada","status":"publish","type":"page","link":"https:\/\/ermitaberriip.educacion.navarra.es\/web\/es\/martingala-los-carnavales-de-burlada\/","title":{"rendered":"Martingala: los carnavales de Burlada"},"content":{"rendered":"<h2><strong>HISTORIA y RESUMEN<\/strong><\/h2>\n<p><a href=\"https:\/\/ermitaberriip.educacion.navarra.es\/web\/wp-content\/uploads\/2019\/03\/Inauteriak-Ermitaberri-2019-Martingala-25-300x225.jpg\"><img fetchpriority=\"high\" decoding=\"async\" class=\"size-medium wp-image-8214 alignleft\" src=\"https:\/\/ermitaberriip.educacion.navarra.es\/web\/wp-content\/uploads\/2019\/03\/Inauteriak-Ermitaberri-2019-Martingala-25-300x225.jpg\" alt=\"\" width=\"300\" height=\"225\" srcset=\"https:\/\/ermitaberriip.educacion.navarra.es\/web\/wp-content\/uploads\/2019\/03\/Inauteriak-Ermitaberri-2019-Martingala-25-300x225.jpg 300w, https:\/\/ermitaberriip.educacion.navarra.es\/web\/wp-content\/uploads\/2019\/03\/Inauteriak-Ermitaberri-2019-Martingala-25-768x577.jpg 768w, https:\/\/ermitaberriip.educacion.navarra.es\/web\/wp-content\/uploads\/2019\/03\/Inauteriak-Ermitaberri-2019-Martingala-25-1024x769.jpg 1024w, https:\/\/ermitaberriip.educacion.navarra.es\/web\/wp-content\/uploads\/2019\/03\/Inauteriak-Ermitaberri-2019-Martingala-25.jpg 1280w\" sizes=\"(max-width: 300px) 100vw, 300px\" \/><\/a>La Martingala es el nombre del carnaval que se celebra en Burlada desde 1988.<\/p>\n<p>El lunes de carnaval, al anochecer, el ambiente tranquilo del Casco Viejo de Burlada se ve alterado por el jolgorio de los\u00a0<a href=\"https:\/\/ermitaberriip.educacion.navarra.es\/web\/es\/disfraz-joasikero\/\" target=\"_blank\" rel=\"noopener noreferrer\">Joasikeros<\/a>. Ellos, los\u00a0Joasikeros, armados con escobas, van en busca de\u00a0<a href=\"https:\/\/ermitaberriip.educacion.navarra.es\/web\/wp-content\/uploads\/2018\/04\/Lukas-Aierbeko.jpg\" target=\"_blank\" rel=\"noopener noreferrer\">Lucas de Ayerbe<\/a> haciendo sonar sus peque\u00f1as campanas, con intenci\u00f3n de detener a Lucas y mostrarlo ante el resto del pueblo. Celebran su detenci\u00f3n bailando la MARTINGALA, tocando las panderetas y atacando a los espectadores del pueblo.<\/p>\n<p>El martes por la tarde los Zorrotzas celebran el juicio contra Lucas de Ayerbe, y podremos o\u00edr los sollozos de las Muxinariak (pla\u00f1ideras) junto con los gritos de los\u00a0Joasikeros:<a href=\"https:\/\/ermitaberriip.educacion.navarra.es\/web\/wp-content\/uploads\/2019\/03\/Inauteriak-Ermitaberri-2019-Martingala-3-1-300x225.jpg\"><img decoding=\"async\" class=\"alignright size-medium wp-image-8171\" src=\"https:\/\/ermitaberriip.educacion.navarra.es\/web\/wp-content\/uploads\/2019\/03\/Inauteriak-Ermitaberri-2019-Martingala-3-1-300x225.jpg\" alt=\"\" width=\"300\" height=\"225\" srcset=\"https:\/\/ermitaberriip.educacion.navarra.es\/web\/wp-content\/uploads\/2019\/03\/Inauteriak-Ermitaberri-2019-Martingala-3-1-300x225.jpg 300w, https:\/\/ermitaberriip.educacion.navarra.es\/web\/wp-content\/uploads\/2019\/03\/Inauteriak-Ermitaberri-2019-Martingala-3-1-768x576.jpg 768w, https:\/\/ermitaberriip.educacion.navarra.es\/web\/wp-content\/uploads\/2019\/03\/Inauteriak-Ermitaberri-2019-Martingala-3-1-1024x768.jpg 1024w, https:\/\/ermitaberriip.educacion.navarra.es\/web\/wp-content\/uploads\/2019\/03\/Inauteriak-Ermitaberri-2019-Martingala-3-1.jpg 1280w\" sizes=\"(max-width: 300px) 100vw, 300px\" \/><\/a><\/p>\n<p style=\"padding-left: 30px;\"><em>Lukas Aierbeko!<\/em><\/p>\n<p style=\"padding-left: 30px;\"><em>Akerburu, txakurburu!!<\/em><\/p>\n<p style=\"padding-left: 30px;\"><em>Lukas Aierbeko, sorgi\u00f1a!<\/em><\/p>\n<p style=\"padding-left: 30px;\"><em>Akerburu, txakurburu!!<\/em><\/p>\n<p style=\"padding-left: 30px;\"><em>Zuregan dugu grina!<\/em><\/p>\n<p style=\"padding-left: 30px;\"><em>Sutara, sutara!!<\/em><\/p>\n<p>A continuaci\u00f3n, Lucas de Ayerbe es ahorcado y quemado, en medio de los llantos de las Muxinariak y los bailes de los\u00a0Joasikeros.<\/p>\n<p>En Ermitaberri condensamos toda la celebraci\u00f3n en el viernes anterior a la semana de Carnaval de Burlada, durante la ma\u00f1ana lectiva.<\/p>\n<p>El texto completo de la representaci\u00f3n teatral del juicio a Lucas de Ayerbe lo tienes <a href=\"https:\/\/ermitaberriip.educacion.navarra.es\/web\/wp-content\/uploads\/2018\/04\/Lukas-Aierbeko-Antzerkia-Erdaraz.pdf\">aqu\u00ed<\/a>. Puedes ver el video del teatro a continuaci\u00f3n:<\/p>\n<p><iframe title=\"Martingala Ermitaberri Ikastetxe Publikoan 2017 - Lukas Aierbekoren epaiketaren antzerkia HD\" width=\"500\" height=\"281\" src=\"https:\/\/www.youtube.com\/embed\/3X_fnkJIxbs?feature=oembed\" frameborder=\"0\" allow=\"accelerometer; autoplay; clipboard-write; encrypted-media; gyroscope; picture-in-picture; web-share\" allowfullscreen><\/iframe><\/p>\n<h3><strong>LUCAS DE AYERBE:<\/strong><\/h3>\n<p><a href=\"https:\/\/ermitaberriip.educacion.navarra.es\/web\/wp-content\/uploads\/2018\/04\/Lukas-Aierbeko.jpg\" target=\"_blank\" rel=\"noopener\">Lucas de Ayerbe<\/a> es el personaje central de la Martingala. Natural de Tolosa, vivi\u00f3 en Villava y, seg\u00fan parece, cometi\u00f3 algunos actos de brujer\u00eda en Burlada. Adem\u00e1s de sacar los malos esp\u00edritus, tambi\u00e9n debi\u00f3 de ser m\u00e9dico.<\/p>\n<h3><strong>MUXINARIAK (Pla\u00f1ideras):<\/strong><\/h3>\n<p>Son las mujeres vestidas de negro, ayudantes y defensoras de Lucas, que permanecen llorando durante todo el recorrido.<\/p>\n<h3><strong>ZORROTZAK:<\/strong><\/h3>\n<p>Son los jueces que juzgar\u00e1n a Lucas el segundo d\u00eda.<\/p>\n<h3><strong>JOASIKEROAK:<\/strong><\/h3>\n<p>Son el resto de acompa\u00f1antes del pueblo que participan en la Martingala. Visten <a href=\"https:\/\/ermitaberriip.educacion.navarra.es\/web\/es\/disfraz-joasikero\/\" target=\"_blank\" rel=\"noopener\">un traje muy colorido<\/a>, y llevan una peque\u00f1a escoba, una pandereta, un sombrero de paja y todo ello adornado con peque\u00f1as campanillas, como corresponde al apodo de los burladeses: \u00abcampaneros\u00bb.<\/p>\n<h3><strong>AKERBURU!!! TXAKURBURU!!!:<\/strong><\/h3>\n<p>Son los gritos en insultos que la gente dedica a Lucas de Ayerbe durante todo el recorrido.<\/p>\n","protected":false},"excerpt":{"rendered":"<p>HISTORIA y RESUMEN La Martingala es el nombre del carnaval que se celebra en Burlada desde 1988. El lunes de carnaval, al anochecer, el ambiente tranquilo del Casco Viejo de Burlada se ve alterado por el jolgorio de los\u00a0Joasikeros. Ellos, los\u00a0Joasikeros, armados con escobas, van en busca de\u00a0Lucas de Ayerbe haciendo sonar sus peque\u00f1as campanas, [&hellip;]<\/p>\n","protected":false},"author":1,"featured_media":1489,"parent":0,"menu_order":0,"comment_status":"closed","ping_status":"closed","template":"","meta":{"_editorskit_title_hidden":false,"_editorskit_reading_time":0,"_editorskit_is_block_options_detached":false,"_editorskit_block_options_position":"{}","_genesis_hide_title":false,"_genesis_hide_breadcrumbs":false,"_genesis_hide_singular_image":false,"_genesis_hide_footer_widgets":false,"_genesis_custom_body_class":"","_genesis_custom_post_class":"","_genesis_layout":"","footnotes":""},"_links":{"self":[{"href":"https:\/\/ermitaberriip.educacion.navarra.es\/web\/es\/wp-json\/wp\/v2\/pages\/1493"}],"collection":[{"href":"https:\/\/ermitaberriip.educacion.navarra.es\/web\/es\/wp-json\/wp\/v2\/pages"}],"about":[{"href":"https:\/\/ermitaberriip.educacion.navarra.es\/web\/es\/wp-json\/wp\/v2\/types\/page"}],"author":[{"embeddable":true,"href":"https:\/\/ermitaberriip.educacion.navarra.es\/web\/es\/wp-json\/wp\/v2\/users\/1"}],"replies":[{"embeddable":true,"href":"https:\/\/ermitaberriip.educacion.navarra.es\/web\/es\/wp-json\/wp\/v2\/comments?post=1493"}],"version-history":[{"count":11,"href":"https:\/\/ermitaberriip.educacion.navarra.es\/web\/es\/wp-json\/wp\/v2\/pages\/1493\/revisions"}],"predecessor-version":[{"id":17153,"href":"https:\/\/ermitaberriip.educacion.navarra.es\/web\/es\/wp-json\/wp\/v2\/pages\/1493\/revisions\/17153"}],"wp:featuredmedia":[{"embeddable":true,"href":"https:\/\/ermitaberriip.educacion.navarra.es\/web\/es\/wp-json\/wp\/v2\/media\/1489"}],"wp:attachment":[{"href":"https:\/\/ermitaberriip.educacion.navarra.es\/web\/es\/wp-json\/wp\/v2\/media?parent=1493"}],"curies":[{"name":"wp","href":"https:\/\/api.w.org\/{rel}","templated":true}]}}