{"id":152,"date":"2018-03-28T10:09:10","date_gmt":"2018-03-28T08:09:10","guid":{"rendered":"https:\/\/ermitaberriip.educacion.navarra.es\/web\/?page_id=152"},"modified":"2025-11-11T09:14:14","modified_gmt":"2025-11-11T08:14:14","slug":"comedor","status":"publish","type":"page","link":"https:\/\/ermitaberriip.educacion.navarra.es\/web\/es\/comedor\/","title":{"rendered":"Comedor"},"content":{"rendered":"\n<figure class=\"wp-block-image size-large\"><img fetchpriority=\"high\" decoding=\"async\" width=\"1024\" height=\"576\" src=\"https:\/\/ermitaberriip.educacion.navarra.es\/web\/wp-content\/uploads\/2021\/02\/foto-5-1024x576.jpg\" alt=\"\" class=\"wp-image-13283\" srcset=\"https:\/\/ermitaberriip.educacion.navarra.es\/web\/wp-content\/uploads\/2021\/02\/foto-5-1024x576.jpg 1024w, https:\/\/ermitaberriip.educacion.navarra.es\/web\/wp-content\/uploads\/2021\/02\/foto-5-300x169.jpg 300w, https:\/\/ermitaberriip.educacion.navarra.es\/web\/wp-content\/uploads\/2021\/02\/foto-5-768x432.jpg 768w, https:\/\/ermitaberriip.educacion.navarra.es\/web\/wp-content\/uploads\/2021\/02\/foto-5-1536x864.jpg 1536w, https:\/\/ermitaberriip.educacion.navarra.es\/web\/wp-content\/uploads\/2021\/02\/foto-5.jpg 1920w\" sizes=\"(max-width: 1024px) 100vw, 1024px\" \/><figcaption class=\"wp-element-caption\">Comedor para el alumnado de Educaci\u00f3n Infantil en Ermitaberri.<\/figcaption><\/figure>\n\n\n<p><span style=\"color: #808080;\"><strong>Actualizado a 21\/06\/2024<br \/><\/strong><\/span><\/p>\n<p>El comedor escolar es un servicio organizado por la Asociaci\u00f3n de Padres y Madres y de gran importancia en la educaci\u00f3n de los ni\u00f1os\/as. El comedor escolar es tambi\u00e9n un espacio educativo. En \u00e9l trabajamos aspectos como la adquisici\u00f3n de h\u00e1bitos alimentarios y de higiene saludables, de conductas aut\u00f3nomas y el establecimiento de rutinas, etc. En l\u00edneas generales, esta ser\u00e1 la labor diaria que llevaremos a cabo.<\/p>\n<p>Existe una normativa de Comedor y una Comisi\u00f3n que vela por su cumplimiento y el funcionamiento general del comedor.<\/p>\n<p>La empresa suministradora es <a href=\"https:\/\/www.ausolan.com\/\" target=\"_blank\" rel=\"noopener noreferrer\">Ausolan-Jangarria<\/a>. Aqu\u00ed pod\u00e9is consultar el <a href=\"http:\/\/menuak.ausolan.com\/?idcentro=358\" target=\"_blank\" rel=\"noopener noreferrer\">men\u00fa vigente en este momento<\/a>:<\/p>\n<p><a href=\"https:\/\/menuak.ausolan.com\/menu\/menuCentro\" target=\"_blank\" rel=\"noopener noreferrer\"><img decoding=\"async\" class=\"alignnone wp-image-524 size-thumbnail\" src=\"https:\/\/ermitaberriip.educacion.navarra.es\/web\/wp-content\/uploads\/2018\/04\/ausolan-jangarria-logo.png\" alt=\"\" width=\"150\" height=\"150\" \/><\/a><\/p>\n<p>La media diaria es de 91 usuarios\/as, repartidos en dos espacios diferentes, uno para los alumnos\/as de Educaci\u00f3n Infantil y 1\u00ba de Primaria, y el otro para el resto de alumnos\/as de Primaria, todos ellos est\u00e1n atendidos por 4 educadoras euskaldunes. Cada espacio est\u00e1 acondicionado para los ni\u00f1os\/as de diferentes edades, con especial cuidado en cuanto a la altura de las mesas y sillas.<\/p>\n<h2><strong>Actividad diaria en 3 a\u00f1os<\/strong><strong>:<\/strong><\/h2>\n<h3><strong>13:40h &#8211; Antes de comer<\/strong><\/h3>\n<p>Una cuidadora subir\u00e1 a cada aula a por los ni\u00f1os\/as. Cuando est\u00e9n preparados, se juntar\u00e1n \u00aben tren\u00bb para bajar al comedor. Previamente, pasar\u00e1n por el ba\u00f1o y se lavar\u00e1n las manos.<\/p>\n<h3><strong>14:00 &#8211; En el comedor<\/strong><\/h3>\n<ul>\n<li>Procuramos que prueben de todo. En principio, deber\u00edan acabar la comida del plato, pero siempre nos adecuamos al apetito de cada cual.<\/li>\n<li>Llevamos un control de las cantidades que come cada alumno\/a. Si creemos que come poco, nos pondr\u00edamos en contacto con las familias, as\u00ed como en caso de cualquier duda o problema.<\/li>\n<li>Si no hubiera forma de que prueben un alimento, trataremos de introduc\u00edrselo poco a poco, siempre adecu\u00e1ndonos a cada alumnos\/a: al principio un trozo peque\u00f1o, m\u00e1s adelante una cucharada, despu\u00e9s 3, medio plato, etc.), ya que somos conscientes de la importancia de una alimentaci\u00f3n sana y equilibrada.<\/li>\n<li>Trabajaremos la convivencia: no molestar a los compa\u00f1eros\/as, respetar los turnos, no gritar&#8230;<\/li>\n<\/ul>\n<h3>14:20 &#8211; Siesta<\/h3>\n<ul>\n<li>Es un importante momento de descanso, no tanto por el hecho de que duerman sino como tiempo de desconexi\u00f3n y relajaci\u00f3n. Aprenden a respetar el descanso de los dem\u00e1s, permaneciendo en silencio.<\/li>\n<li>Dejamos constancia escrita tambi\u00e9n del sue\u00f1o de cada alumno\/a.<\/li>\n<li>A las 15:45 comenzar\u00e1n a despertarse con m\u00fasica agradable.<\/li>\n<\/ul>\n<h2><strong>Horario y calendario<\/strong><strong>:<\/strong><\/h2>\n<p>El comedor funciona de septiembre a junio (ambos inclusive), en horario de 14:00 a 15:45 horas, siguiendo enteramente el calendario escolar del centro.<\/p>\n<p>Despu\u00e9s de comer, los ni\u00f1os\/as de 3 a\u00f1os echan la siesta en el aula de psicomotricidad hasta las 15:45h, donde cada ni\u00f1o\/a dispone de su propia colchoneta, s\u00e1bana y manta. El resto de alumnos\/as se ir\u00e1 a su casa, siguiendo el horario que detallamos a continuaci\u00f3n.<\/p>\n<h2>Horario de salida del comedor:<\/h2>\n<p>Los alumnos\/as pueden salir del comedor entre las 14:45h y las 15:45h.<\/p>\n<h2><strong>Precios y funcionamiento <\/strong><strong> 2025\/2026:<\/strong><\/h2>\n<table style=\"width: 100%; height: 72px;\" border=\"1\">\n<tbody>\n<tr style=\"height: 24px;\">\n<td style=\"width: 85%; height: 24px;\">Precio mensual (10 cuotas al a\u00f1o)<\/td>\n<td style=\"text-align: right; width: 11.2069%; height: 24px;\">138,00 \u20ac<\/td>\n<\/tr>\n<tr style=\"height: 24px;\">\n<td style=\"width: 85%; height: 24px;\">Precio d\u00eda suelto<\/td>\n<td style=\"text-align: right; width: 11.2069%; height: 24px;\">11 \u20ac<\/td>\n<\/tr>\n<tr>\n<td style=\"width: 85%;\">Bono (10 d\u00edas)<\/td>\n<td style=\"text-align: right; width: 11.2069%;\">98,00 \u20ac<\/td>\n<\/tr>\n<tr style=\"height: 24px;\">\n<td style=\"width: 85%; height: 24px;\">Reducci\u00f3n diaria por no utilizar el servicio<\/td>\n<td style=\"text-align: right; width: 11.2069%; height: 24px;\">2,50 \u20ac<\/td>\n<\/tr>\n<\/tbody>\n<\/table>\n<ul>\n<li><strong>E-mail<\/strong>: jantokiermitaberri@ausolan.com<\/li>\n<li><strong>Tel\u00e9fono: <\/strong>948633567<\/li>\n<li><strong>Responsable: <\/strong>Lukertze Rodrigo<\/li>\n<li><strong>Horario para informaci\u00f3n, avisos, etc.: <\/strong>9:00 &#8211; 9:30 horas<\/li>\n<\/ul>","protected":false},"excerpt":{"rendered":"<p>Actualizado a 21\/06\/2024 El comedor escolar es un servicio organizado por la Asociaci\u00f3n de Padres y Madres y de gran importancia en la educaci\u00f3n de los ni\u00f1os\/as. El comedor escolar es tambi\u00e9n un espacio educativo. En \u00e9l trabajamos aspectos como la adquisici\u00f3n de h\u00e1bitos alimentarios y de higiene saludables, de conductas aut\u00f3nomas y el establecimiento [&hellip;]<\/p>\n","protected":false},"author":1,"featured_media":0,"parent":0,"menu_order":0,"comment_status":"closed","ping_status":"closed","template":"","meta":{"_editorskit_title_hidden":false,"_editorskit_reading_time":2,"_editorskit_is_block_options_detached":false,"_editorskit_block_options_position":"{}","_genesis_hide_title":false,"_genesis_hide_breadcrumbs":false,"_genesis_hide_singular_image":false,"_genesis_hide_footer_widgets":false,"_genesis_custom_body_class":"","_genesis_custom_post_class":"","_genesis_layout":"","footnotes":""},"_links":{"self":[{"href":"https:\/\/ermitaberriip.educacion.navarra.es\/web\/es\/wp-json\/wp\/v2\/pages\/152"}],"collection":[{"href":"https:\/\/ermitaberriip.educacion.navarra.es\/web\/es\/wp-json\/wp\/v2\/pages"}],"about":[{"href":"https:\/\/ermitaberriip.educacion.navarra.es\/web\/es\/wp-json\/wp\/v2\/types\/page"}],"author":[{"embeddable":true,"href":"https:\/\/ermitaberriip.educacion.navarra.es\/web\/es\/wp-json\/wp\/v2\/users\/1"}],"replies":[{"embeddable":true,"href":"https:\/\/ermitaberriip.educacion.navarra.es\/web\/es\/wp-json\/wp\/v2\/comments?post=152"}],"version-history":[{"count":31,"href":"https:\/\/ermitaberriip.educacion.navarra.es\/web\/es\/wp-json\/wp\/v2\/pages\/152\/revisions"}],"predecessor-version":[{"id":20766,"href":"https:\/\/ermitaberriip.educacion.navarra.es\/web\/es\/wp-json\/wp\/v2\/pages\/152\/revisions\/20766"}],"wp:attachment":[{"href":"https:\/\/ermitaberriip.educacion.navarra.es\/web\/es\/wp-json\/wp\/v2\/media?parent=152"}],"curies":[{"name":"wp","href":"https:\/\/api.w.org\/{rel}","templated":true}]}}