{"id":1610,"date":"2018-04-13T12:36:36","date_gmt":"2018-04-13T10:36:36","guid":{"rendered":"https:\/\/ermitaberriip.educacion.navarra.es\/web\/?page_id=1610"},"modified":"2019-02-12T12:49:26","modified_gmt":"2019-02-12T11:49:26","slug":"disfraz-joasikero","status":"publish","type":"page","link":"https:\/\/ermitaberriip.educacion.navarra.es\/web\/es\/disfraz-joasikero\/","title":{"rendered":"Disfraz Joasikero"},"content":{"rendered":"<div id='gallery-1' class='gallery galleryid-1610 gallery-columns-2 gallery-size-full'><dl class='gallery-item'>\n\t\t\t<dt class='gallery-icon portrait'>\n\t\t\t\t<a href='https:\/\/ermitaberriip.educacion.navarra.es\/web\/wp-content\/uploads\/2018\/04\/Joasikero-mozorroa.jpg'><img fetchpriority=\"high\" decoding=\"async\" width=\"600\" height=\"800\" src=\"https:\/\/ermitaberriip.educacion.navarra.es\/web\/wp-content\/uploads\/2018\/04\/Joasikero-mozorroa.jpg\" class=\"attachment-full size-full\" alt=\"\" \/><\/a>\n\t\t\t<\/dt><\/dl>\n\t\t\t<br style='clear: both' \/>\n\t\t<\/div>\n\n<p>El traje es una t\u00fanica de colores, da igual la forma que tenga. Sobre la t\u00fanica se puede llevar cualquier elemento: pa\u00f1uelos, cintas, pieles&#8230; El sombrero tambi\u00e9n puede adoptar cualquier forma y, sobre \u00e9l, lleva plumas de gallina o fais\u00e1n. La cara se tapa mediante una especie de m\u00e1scara que forman cintas y tiras de colores que cuelgan del sombrero.<\/p>\n<p>En una mano llevan una pandereta o algo similar (la tapa de alguna cacerola, por ejemplo), y en la otra una escoba con el palo recortado (se puede sustituir por una escobilla o por un manojo de ramas). La pandereta se toca con la escoba siguiendo el ritmo de la m\u00fasica, de ah\u00ed la utilidad de la escoba.<\/p>\n<p>Por otro lado, queremos remarcar el uso de las CAMPANILLAS. No son cencerros ni tampoco cascabeles. Se pueden llevar en el pecho, piernas o incluso en el sombrero. El motivo de su utilizaci\u00f3n es por el sobrenombre de los burladeses, \u00abcampaneros\u00bb, de esta manera contribuiremos a que este elemento tan simp\u00e1tico perdure en el conocimiento popular.<\/p>\n<p>Pod\u00e9is tomar como ejemplo la imagen de esta p\u00e1gina.<\/p>\n<p>M\u00e1s informaci\u00f3n sobre la Martingala <a href=\"https:\/\/ermitaberriip.educacion.navarra.es\/web\/es\/martingala-los-carnavales-de-burlada\/\">aqu\u00ed<\/a>.<\/p>\n","protected":false},"excerpt":{"rendered":"<p>El traje es una t\u00fanica de colores, da igual la forma que tenga. Sobre la t\u00fanica se puede llevar cualquier elemento: pa\u00f1uelos, cintas, pieles&#8230; El sombrero tambi\u00e9n puede adoptar cualquier forma y, sobre \u00e9l, lleva plumas de gallina o fais\u00e1n. La cara se tapa mediante una especie de m\u00e1scara que forman cintas y tiras de [&hellip;]<\/p>\n","protected":false},"author":1,"featured_media":0,"parent":0,"menu_order":0,"comment_status":"closed","ping_status":"closed","template":"","meta":{"_editorskit_title_hidden":false,"_editorskit_reading_time":0,"_editorskit_is_block_options_detached":false,"_editorskit_block_options_position":"{}","_genesis_hide_title":false,"_genesis_hide_breadcrumbs":false,"_genesis_hide_singular_image":false,"_genesis_hide_footer_widgets":false,"_genesis_custom_body_class":"","_genesis_custom_post_class":"","_genesis_layout":"","footnotes":""},"_links":{"self":[{"href":"https:\/\/ermitaberriip.educacion.navarra.es\/web\/es\/wp-json\/wp\/v2\/pages\/1610"}],"collection":[{"href":"https:\/\/ermitaberriip.educacion.navarra.es\/web\/es\/wp-json\/wp\/v2\/pages"}],"about":[{"href":"https:\/\/ermitaberriip.educacion.navarra.es\/web\/es\/wp-json\/wp\/v2\/types\/page"}],"author":[{"embeddable":true,"href":"https:\/\/ermitaberriip.educacion.navarra.es\/web\/es\/wp-json\/wp\/v2\/users\/1"}],"replies":[{"embeddable":true,"href":"https:\/\/ermitaberriip.educacion.navarra.es\/web\/es\/wp-json\/wp\/v2\/comments?post=1610"}],"version-history":[{"count":7,"href":"https:\/\/ermitaberriip.educacion.navarra.es\/web\/es\/wp-json\/wp\/v2\/pages\/1610\/revisions"}],"predecessor-version":[{"id":7951,"href":"https:\/\/ermitaberriip.educacion.navarra.es\/web\/es\/wp-json\/wp\/v2\/pages\/1610\/revisions\/7951"}],"wp:attachment":[{"href":"https:\/\/ermitaberriip.educacion.navarra.es\/web\/es\/wp-json\/wp\/v2\/media?parent=1610"}],"curies":[{"name":"wp","href":"https:\/\/api.w.org\/{rel}","templated":true}]}}