{"id":162,"date":"2018-03-28T10:22:03","date_gmt":"2018-03-28T08:22:03","guid":{"rendered":"https:\/\/ermitaberriip.educacion.navarra.es\/web\/?page_id=162"},"modified":"2025-11-11T09:16:23","modified_gmt":"2025-11-11T08:16:23","slug":"guarderia","status":"publish","type":"page","link":"https:\/\/ermitaberriip.educacion.navarra.es\/web\/es\/guarderia\/","title":{"rendered":"Guarder\u00eda"},"content":{"rendered":"<p><span style=\"color: #808080;\"><strong>Actualizado a 21\/06\/2024<\/strong><\/span><\/p>\n<p>En Ermitaberri disponemos de un servicio de guarder\u00eda organizado por la Asociaci\u00f3n de Padres y Madres. Este servicio lo ofrecemos exclusivamente al alumnado del colegio.<\/p>\n<ul>\n<li><strong>Horario<\/strong>: 8:00h &#8211; 9:00h<\/li>\n<li><strong>Precio mensual<\/strong>: 40,00 euros<\/li>\n<li><strong>Precio d\u00eda suelto<\/strong>: 5,00 euros<\/li>\n<li><strong>Responsable<\/strong>: Lukertze Rodrigo<\/li>\n<li><strong>Tel\u00e9fono<\/strong>: 948633567 (9:00h &#8211; 9:30h)<\/li>\n<\/ul>\n<p>Dependiendo del n\u00famero de alumnos\/as que demanden el servicio, ofrecemos flexibilidad para adecuarnos a un horario m\u00e1s amplio.<\/p>\n","protected":false},"excerpt":{"rendered":"<p>Actualizado a 21\/06\/2024 En Ermitaberri disponemos de un servicio de guarder\u00eda organizado por la Asociaci\u00f3n de Padres y Madres. Este servicio lo ofrecemos exclusivamente al alumnado del colegio. Horario: 8:00h &#8211; 9:00h Precio mensual: 40,00 euros Precio d\u00eda suelto: 5,00 euros Responsable: Lukertze Rodrigo Tel\u00e9fono: 948633567 (9:00h &#8211; 9:30h) Dependiendo del n\u00famero de alumnos\/as que [&hellip;]<\/p>\n","protected":false},"author":1,"featured_media":0,"parent":0,"menu_order":0,"comment_status":"closed","ping_status":"closed","template":"","meta":{"_editorskit_title_hidden":false,"_editorskit_reading_time":1,"_editorskit_is_block_options_detached":false,"_editorskit_block_options_position":"{}","_genesis_hide_title":false,"_genesis_hide_breadcrumbs":false,"_genesis_hide_singular_image":false,"_genesis_hide_footer_widgets":false,"_genesis_custom_body_class":"","_genesis_custom_post_class":"","_genesis_layout":"","footnotes":""},"_links":{"self":[{"href":"https:\/\/ermitaberriip.educacion.navarra.es\/web\/es\/wp-json\/wp\/v2\/pages\/162"}],"collection":[{"href":"https:\/\/ermitaberriip.educacion.navarra.es\/web\/es\/wp-json\/wp\/v2\/pages"}],"about":[{"href":"https:\/\/ermitaberriip.educacion.navarra.es\/web\/es\/wp-json\/wp\/v2\/types\/page"}],"author":[{"embeddable":true,"href":"https:\/\/ermitaberriip.educacion.navarra.es\/web\/es\/wp-json\/wp\/v2\/users\/1"}],"replies":[{"embeddable":true,"href":"https:\/\/ermitaberriip.educacion.navarra.es\/web\/es\/wp-json\/wp\/v2\/comments?post=162"}],"version-history":[{"count":10,"href":"https:\/\/ermitaberriip.educacion.navarra.es\/web\/es\/wp-json\/wp\/v2\/pages\/162\/revisions"}],"predecessor-version":[{"id":20768,"href":"https:\/\/ermitaberriip.educacion.navarra.es\/web\/es\/wp-json\/wp\/v2\/pages\/162\/revisions\/20768"}],"wp:attachment":[{"href":"https:\/\/ermitaberriip.educacion.navarra.es\/web\/es\/wp-json\/wp\/v2\/media?parent=162"}],"curies":[{"name":"wp","href":"https:\/\/api.w.org\/{rel}","templated":true}]}}