{"id":1743,"date":"2018-04-13T14:12:03","date_gmt":"2018-04-13T12:12:03","guid":{"rendered":"https:\/\/ermitaberriip.educacion.navarra.es\/web\/?page_id=1743"},"modified":"2018-05-06T22:11:26","modified_gmt":"2018-05-06T20:11:26","slug":"puertas-abiertas-en-educacion-infantil","status":"publish","type":"page","link":"https:\/\/ermitaberriip.educacion.navarra.es\/web\/es\/puertas-abiertas-en-educacion-infantil\/","title":{"rendered":"Puertas Abiertas en Educaci\u00f3n Infantil"},"content":{"rendered":"<div id='gallery-1' class='gallery galleryid-1743 gallery-columns-2 gallery-size-full'><dl class='gallery-item'>\n\t\t\t<dt class='gallery-icon landscape'>\n\t\t\t\t<a href='https:\/\/ermitaberriip.educacion.navarra.es\/web\/wp-content\/uploads\/2018\/04\/Ate-Irekiak-Haur-Hezkuntzan-1.jpg'><img fetchpriority=\"high\" decoding=\"async\" width=\"800\" height=\"600\" src=\"https:\/\/ermitaberriip.educacion.navarra.es\/web\/wp-content\/uploads\/2018\/04\/Ate-Irekiak-Haur-Hezkuntzan-1.jpg\" class=\"attachment-full size-full\" alt=\"\" \/><\/a>\n\t\t\t<\/dt><\/dl><dl class='gallery-item'>\n\t\t\t<dt class='gallery-icon landscape'>\n\t\t\t\t<a href='https:\/\/ermitaberriip.educacion.navarra.es\/web\/wp-content\/uploads\/2018\/04\/Ate-Irekiak-Haur-Hezkuntzan-2.jpg'><img decoding=\"async\" width=\"800\" height=\"600\" src=\"https:\/\/ermitaberriip.educacion.navarra.es\/web\/wp-content\/uploads\/2018\/04\/Ate-Irekiak-Haur-Hezkuntzan-2.jpg\" class=\"attachment-full size-full\" alt=\"\" \/><\/a>\n\t\t\t<\/dt><\/dl><br style=\"clear: both\" \/>\n\t\t<\/div>\n\n<p>Llamamos \u201cPuertas Abiertas\u201d al momento en el que todos los ni\u00f1os y ni\u00f1as de Educaci\u00f3n Infantil <strong>pueden ir a cualquiera de los espacios<\/strong> (5 clases) de los que disponemos.<\/p>\n<p>Normalmente, los ni\u00f1os y ni\u00f1as de entre 3 y 6 a\u00f1os est\u00e1n con el mismo tutor y en la misma clase pero en este momento ellos y ellas eligen a qu\u00e9 espacio acudir.<\/p>\n<p>El objetivo de este planteamiento es ampliar las opciones de los ni\u00f1os tanto en cuanto a materiales que manipular y espacios que descubrir como a los ni\u00f1os y adultos con los que encontrarse e interactuar.<\/p>\n<p>De esta manera enriquecemos las relaciones, favorecemos la autonom\u00eda y ampliamos las experiencias de los m\u00e1s peque\u00f1os de la escuela.<\/p>\n","protected":false},"excerpt":{"rendered":"<p>Llamamos \u201cPuertas Abiertas\u201d al momento en el que todos los ni\u00f1os y ni\u00f1as de Educaci\u00f3n Infantil pueden ir a cualquiera de los espacios (5 clases) de los que disponemos. Normalmente, los ni\u00f1os y ni\u00f1as de entre 3 y 6 a\u00f1os est\u00e1n con el mismo tutor y en la misma clase pero en este momento ellos [&hellip;]<\/p>\n","protected":false},"author":1,"featured_media":0,"parent":0,"menu_order":0,"comment_status":"closed","ping_status":"closed","template":"","meta":{"_editorskit_title_hidden":false,"_editorskit_reading_time":0,"_editorskit_is_block_options_detached":false,"_editorskit_block_options_position":"{}","_genesis_hide_title":false,"_genesis_hide_breadcrumbs":false,"_genesis_hide_singular_image":false,"_genesis_hide_footer_widgets":false,"_genesis_custom_body_class":"","_genesis_custom_post_class":"","_genesis_layout":"","footnotes":""},"_links":{"self":[{"href":"https:\/\/ermitaberriip.educacion.navarra.es\/web\/es\/wp-json\/wp\/v2\/pages\/1743"}],"collection":[{"href":"https:\/\/ermitaberriip.educacion.navarra.es\/web\/es\/wp-json\/wp\/v2\/pages"}],"about":[{"href":"https:\/\/ermitaberriip.educacion.navarra.es\/web\/es\/wp-json\/wp\/v2\/types\/page"}],"author":[{"embeddable":true,"href":"https:\/\/ermitaberriip.educacion.navarra.es\/web\/es\/wp-json\/wp\/v2\/users\/1"}],"replies":[{"embeddable":true,"href":"https:\/\/ermitaberriip.educacion.navarra.es\/web\/es\/wp-json\/wp\/v2\/comments?post=1743"}],"version-history":[{"count":1,"href":"https:\/\/ermitaberriip.educacion.navarra.es\/web\/es\/wp-json\/wp\/v2\/pages\/1743\/revisions"}],"predecessor-version":[{"id":1744,"href":"https:\/\/ermitaberriip.educacion.navarra.es\/web\/es\/wp-json\/wp\/v2\/pages\/1743\/revisions\/1744"}],"wp:attachment":[{"href":"https:\/\/ermitaberriip.educacion.navarra.es\/web\/es\/wp-json\/wp\/v2\/media?parent=1743"}],"curies":[{"name":"wp","href":"https:\/\/api.w.org\/{rel}","templated":true}]}}