{"id":1864,"date":"2018-04-16T13:20:06","date_gmt":"2018-04-16T11:20:06","guid":{"rendered":"https:\/\/ermitaberriip.educacion.navarra.es\/web\/?page_id=1864"},"modified":"2018-11-21T09:22:21","modified_gmt":"2018-11-21T08:22:21","slug":"reglamento","status":"publish","type":"page","link":"https:\/\/ermitaberriip.educacion.navarra.es\/web\/es\/reglamento\/","title":{"rendered":"Reglamento de Ermitaberri"},"content":{"rendered":"<h2><strong>Reglamento general<br \/>\n<\/strong><\/h2>\n<ol>\n<li>Abriremos las puertas del patio 10 minutos antes de finalizar las clases, es decir, a las 13:50h. Para entrar a las actividades optativas de tarde, solo abriremos la Puerta Principal del colegio a las 15:20h.<\/li>\n<li>El alumnado entrar\u00e1 y saldr\u00e1 del edificio por la puerta que le corresponda a su grupo.<\/li>\n<li>Las actividades complementarias organizadas por el colegio (excursiones, celebraciones\u2026) son de cumplimiento obligatorio.<\/li>\n<li>Las familias deber\u00e1n comunicar al tutor\/a o profesor\/a correspondiente las faltas de asistencia del alumno\/a, en caso de que sean justificadas. El tutor\/a llevar\u00e1 un seguimiento de estas faltas as\u00ed como de las no justificadas.<\/li>\n<li>Cuando un familiar acuda al colegio a recoger a un alumno\/a dentro del horario escolar, ser\u00e1 el personal de Conserjer\u00eda quien vaya al aula a avisarle. El\/la familiar rellenar\u00e1 el impreso que justifique la salida para dejar constancia de qui\u00e9n y a qu\u00e9 hora a recogido al alumno\/a. Este impreso est\u00e1 en Conserjer\u00eda..<\/li>\n<li>Cuando el alumnado ha olvidado algo en casa NO SE LO TRAIG\u00c1IS. Igualmente, si olvida algo en la escuela no podr\u00e1 cogerlo hasta el d\u00eda siguiente. De esta manera, mejoramos su autonom\u00eda y responsabilidad.<\/li>\n<li>Las reuniones con las familias se realizar\u00e1n en el horario que se hayan estipulado. Cada tutor\/a comunicar\u00e1 a las familias las horas de las reuniones.<\/li>\n<li>Recomendamos que a dichas entrevistas acudan tanto el padre como la madre del alumno\/a.<\/li>\n<li>El alumnado siempre permanecer\u00e1 en clase bajo la responsabilidad de un profesor\/a.<\/li>\n<li>Si ocurriera alg\u00fan accidente atenderemos al alumno\/a en el centro. Si fuera necesario llevaremos al ni\u00f1o\/a al Centro de Salud y llamaremos a la familia.<\/li>\n<li>En caso de mal tiempo (lluvia intensa, nieve\u2026), el recreo se realizar\u00e1 en el porche.<\/li>\n<li>El alumnado solo podr\u00e1 quedarse en clase durante el recreo si el profesor\/a as\u00ed lo hiciera tambi\u00e9n.<\/li>\n<li>No podremos utilizar el bal\u00f3n en el porche ni frente a la Entrada Principal. El peque\u00f1o front\u00f3n del porche solo lo emplearemos para jugar a pelota mano.<\/li>\n<li>Para poder utilizar las instalaciones deportivas y otras aulas es necesario pedir permiso en Direcci\u00f3n.<\/li>\n<li>A partir de las 14:00h solo se podr\u00e1n utilizar los ba\u00f1os del patio. Ning\u00fan alumno\/a podr\u00e1 entrar al colegio.<\/li>\n<li>El alumnado vendr\u00e1 al colegio en \u00f3ptimas condiciones de salud e higiene.<\/li>\n<li>En caso de piojos, la familia deber\u00e1 comunic\u00e1rselo con la m\u00e1xima rapidez al tutor\/a.<\/li>\n<li>Est\u00e1 terminantemente prohibido traer tel\u00e9fonos m\u00f3viles al centro escolar. Si alg\u00fan alumno\/a tuviera que traer el m\u00f3vil por alg\u00fan motivo excepcional, la familia deber\u00e1 comunicarlo a Direcci\u00f3n exponiendo los motivos.<\/li>\n<li>Hay que traer ropa adecuada para las clases de Educaci\u00f3n F\u00edsica. A partir de 3\u00ba de Primaria es imprescindible ducharse y cambiarse de ropa tras la actividad.<\/li>\n<\/ol>\n<p>&nbsp;<\/p>\n<h2><strong>Alumnado<\/strong><\/h2>\n<h3><strong>En el aula<br \/>\n<\/strong><\/h3>\n<ol>\n<li>Seremos puntuales al entrar en clase.<\/li>\n<li>Entraremos sin empujar. No gritaremos ni correremos dentro de clase.<\/li>\n<li>Respetaremos el turno en todas las asignaturas y actividades.<\/li>\n<li>Hablaremos en euskera (excepto en la hora de Lengua Castellana e Ingl\u00e9s).<\/li>\n<li>Escucharemos con atenci\u00f3n las explicaciones del profesorado.<\/li>\n<li>Resolveremos los problemas hablando.<\/li>\n<li>Respetaremos el material escolar y el de nuestros compa\u00f1eros\/as.<\/li>\n<li>No insultaremos a nadie porque le podemos hacer da\u00f1o.<\/li>\n<li>Pediremos permiso para coger las cosas de los dem\u00e1s.<\/li>\n<li>Traeremos hechas las tareas escolares.<\/li>\n<li>No saldremos de clase hasta que suene la m\u00fasica.<\/li>\n<li>No se puede echar basura al suelo, usaremos de forma eficiente las distintas papeleras de la clase.<\/li>\n<li>Para celebrar los cumplea\u00f1os recomendamos no traer chucher\u00edas porque queremos fomentar buenos h\u00e1bitos alimenticios entre nuestros alumnos\/as. Son preferibles los bizcochos, frutos secos, pastas, patatas, etc.<\/li>\n<\/ol>\n<h3><strong>En el centro escolar<br \/>\n<\/strong><\/h3>\n<ol>\n<li>Hablaremos euskera ya que Ermitaberri es un centro euskaldun.<\/li>\n<li>En los pasillos hablaremos sin gritar.<\/li>\n<li>No correremos en los pasillos.<\/li>\n<li>Solucionaremos los problemas hablando y sin pelearnos.<\/li>\n<li>No jugaremos en los pasillos.<\/li>\n<li>Subiremos las escaleras con las mochilas de ruedas al hombro para no hacer ruido.<\/li>\n<li>Caminaremos con cuidado para respetar al resto de compa\u00f1eros\/as.<\/li>\n<li>Mantendremos el colegio limpio. Echaremos la basura a su contenedor correspondiente.<\/li>\n<li>Mantendremos los servicios limpios por el bien de la comunidad educativa e intentaremos ahorrar agua y papel..<\/li>\n<li>Cuidaremos los murales expuestos en el centro.<\/li>\n<li>Si se rompe algo hay que comunic\u00e1rselo al profesorado.<\/li>\n<\/ol>\n","protected":false},"excerpt":{"rendered":"<p>Reglamento general Abriremos las puertas del patio 10 minutos antes de finalizar las clases, es decir, a las 13:50h. Para entrar a las actividades optativas de tarde, solo abriremos la Puerta Principal del colegio a las 15:20h. El alumnado entrar\u00e1 y saldr\u00e1 del edificio por la puerta que le corresponda a su grupo. Las actividades [&hellip;]<\/p>\n","protected":false},"author":1,"featured_media":0,"parent":0,"menu_order":0,"comment_status":"closed","ping_status":"closed","template":"","meta":{"_editorskit_title_hidden":false,"_editorskit_reading_time":0,"_editorskit_is_block_options_detached":false,"_editorskit_block_options_position":"{}","_genesis_hide_title":false,"_genesis_hide_breadcrumbs":false,"_genesis_hide_singular_image":false,"_genesis_hide_footer_widgets":false,"_genesis_custom_body_class":"","_genesis_custom_post_class":"","_genesis_layout":"","footnotes":""},"_links":{"self":[{"href":"https:\/\/ermitaberriip.educacion.navarra.es\/web\/es\/wp-json\/wp\/v2\/pages\/1864"}],"collection":[{"href":"https:\/\/ermitaberriip.educacion.navarra.es\/web\/es\/wp-json\/wp\/v2\/pages"}],"about":[{"href":"https:\/\/ermitaberriip.educacion.navarra.es\/web\/es\/wp-json\/wp\/v2\/types\/page"}],"author":[{"embeddable":true,"href":"https:\/\/ermitaberriip.educacion.navarra.es\/web\/es\/wp-json\/wp\/v2\/users\/1"}],"replies":[{"embeddable":true,"href":"https:\/\/ermitaberriip.educacion.navarra.es\/web\/es\/wp-json\/wp\/v2\/comments?post=1864"}],"version-history":[{"count":25,"href":"https:\/\/ermitaberriip.educacion.navarra.es\/web\/es\/wp-json\/wp\/v2\/pages\/1864\/revisions"}],"predecessor-version":[{"id":6723,"href":"https:\/\/ermitaberriip.educacion.navarra.es\/web\/es\/wp-json\/wp\/v2\/pages\/1864\/revisions\/6723"}],"wp:attachment":[{"href":"https:\/\/ermitaberriip.educacion.navarra.es\/web\/es\/wp-json\/wp\/v2\/media?parent=1864"}],"curies":[{"name":"wp","href":"https:\/\/api.w.org\/{rel}","templated":true}]}}