{"id":2082,"date":"2018-04-19T13:48:08","date_gmt":"2018-04-19T11:48:08","guid":{"rendered":"https:\/\/ermitaberriip.educacion.navarra.es\/web\/?page_id=2082"},"modified":"2021-06-08T12:33:09","modified_gmt":"2021-06-08T10:33:09","slug":"ene-kantak-y-ermitaberri","status":"publish","type":"page","link":"https:\/\/ermitaberriip.educacion.navarra.es\/web\/es\/ene-kantak-y-ermitaberri\/","title":{"rendered":"Ene Kantak y Ermitaberri"},"content":{"rendered":"<div id='gallery-1' class='gallery galleryid-2082 gallery-columns-4 gallery-size-full'><dl class='gallery-item'>\n\t\t\t<dt class='gallery-icon landscape'>\n\t\t\t\t<a href='https:\/\/ermitaberriip.educacion.navarra.es\/web\/wp-content\/uploads\/2018\/04\/Ene-Kantak-Ermitaberri-1.jpg'><img fetchpriority=\"high\" decoding=\"async\" width=\"1920\" height=\"1440\" src=\"https:\/\/ermitaberriip.educacion.navarra.es\/web\/wp-content\/uploads\/2018\/04\/Ene-Kantak-Ermitaberri-1.jpg\" class=\"attachment-full size-full\" alt=\"\" \/><\/a>\n\t\t\t<\/dt><\/dl><dl class='gallery-item'>\n\t\t\t<dt class='gallery-icon landscape'>\n\t\t\t\t<a href='https:\/\/ermitaberriip.educacion.navarra.es\/web\/wp-content\/uploads\/2018\/04\/Ene-Kantak-Ermitaberri-2.jpg'><img decoding=\"async\" width=\"1920\" height=\"1440\" src=\"https:\/\/ermitaberriip.educacion.navarra.es\/web\/wp-content\/uploads\/2018\/04\/Ene-Kantak-Ermitaberri-2.jpg\" class=\"attachment-full size-full\" alt=\"\" \/><\/a>\n\t\t\t<\/dt><\/dl><dl class='gallery-item'>\n\t\t\t<dt class='gallery-icon landscape'>\n\t\t\t\t<a href='https:\/\/ermitaberriip.educacion.navarra.es\/web\/wp-content\/uploads\/2018\/04\/Ene-Kantak-Ermitaberri-3.jpg'><img decoding=\"async\" width=\"1920\" height=\"1440\" src=\"https:\/\/ermitaberriip.educacion.navarra.es\/web\/wp-content\/uploads\/2018\/04\/Ene-Kantak-Ermitaberri-3.jpg\" class=\"attachment-full size-full\" alt=\"\" \/><\/a>\n\t\t\t<\/dt><\/dl><dl class='gallery-item'>\n\t\t\t<dt class='gallery-icon landscape'>\n\t\t\t\t<a href='https:\/\/ermitaberriip.educacion.navarra.es\/web\/wp-content\/uploads\/2018\/04\/Ene-Kantak-Ermitaberri-4.jpg'><img loading=\"lazy\" decoding=\"async\" width=\"1920\" height=\"1440\" src=\"https:\/\/ermitaberriip.educacion.navarra.es\/web\/wp-content\/uploads\/2018\/04\/Ene-Kantak-Ermitaberri-4.jpg\" class=\"attachment-full size-full\" alt=\"\" \/><\/a>\n\t\t\t<\/dt><\/dl><br style=\"clear: both\" \/>\n\t\t<\/div>\n\n<p><a href=\"https:\/\/enekantak.org\/es\/\" target=\"_blank\" rel=\"noopener\">Ene Kantak<\/a>\u00a0es un proyecto surgido en 2011. El grupo public\u00f3 su primer disco ese a\u00f1o, de nombre <a href=\"https:\/\/enekantak.org\/es\/discografia\/\" target=\"_blank\" rel=\"noopener\">Ene Kantak<\/a>. En abril de 2013 comenzaron a realizar representaciones teatrales, siendo su cabeza visible Urko, ex-profesor de Ermitaberri, y por Li\u00e9bana, <a href=\"https:\/\/www.liebanaillustration.com\/\" target=\"_blank\" rel=\"noopener\">ilustradora<\/a> y monitora durante muchos a\u00f1os de Euskaraz Mintza en Ermitaberri. Por aquel entonces, el grupo recibi\u00f3 la colaboraci\u00f3n de Josetxo Ol\u00f3riz, tambi\u00e9n profesor de Ermitaberri, a la hora de componer algunas canciones y grabar varios videoclips, de la misma manera que los alumnos y alumnas de Ermitaberri tambi\u00e9n participaron en estas grabaciones.<\/p>\n<p>En diciembre de 2013 Oiane, nuestra profesora de M\u00fasica, sustituy\u00f3 a Li\u00e9bana y, desde ese momento, el grupo sigue disfrutando de una enorme acogida por sus canciones y representaciones.<\/p>\n<p>Ermitaberri y\u00a0Ene Kantak, por tanto, somos hermanos.\u00a0Ene Kantak\u00a0sigue creando <a href=\"https:\/\/ermitaberriip.educacion.navarra.es\/web\/es\/ene-kantak-en-ermitaberri\/\" target=\"_blank\" rel=\"noopener\">canciones y videos con la participaci\u00f3n directa de los alumnos y alumnas de Ermitaberri<\/a>, con gran \u00e9xito como as\u00ed lo refleja, por ejemplo, <a href=\"https:\/\/ermitaberriip.educacion.navarra.es\/web\/es\/blog\/ole-olentzero-grabacion-de-ene-kantak\/\" target=\"_blank\" rel=\"noopener\">el videoclip grabado en la escuela, Ole-Olentzero<\/a>, que acumula ya m\u00e1s de 3.500.000 visitas en Internet.<\/p>\n<p>Son muchos los amigos que participan en las canciones de\u00a0Ene Kantak: Manolo Garc\u00eda, el Drogas, Zuri\u00f1e (Hesian), Kutxi Romero, Oinatz Bengoetxea, Estitxu Fernandez, Barriola, Irujo, San Jos\u00e9, Markel Bergara, Oier Sanjurjo, Berri Txarrak, los Gigantes de la Txantrea,&#8230; de todo encontrar\u00e1s cantando junto a ellos.<\/p>\n","protected":false},"excerpt":{"rendered":"<p>Ene Kantak\u00a0es un proyecto surgido en 2011. El grupo public\u00f3 su primer disco ese a\u00f1o, de nombre Ene Kantak. En abril de 2013 comenzaron a realizar representaciones teatrales, siendo su cabeza visible Urko, ex-profesor de Ermitaberri, y por Li\u00e9bana, ilustradora y monitora durante muchos a\u00f1os de Euskaraz Mintza en Ermitaberri. Por aquel entonces, el grupo [&hellip;]<\/p>\n","protected":false},"author":1,"featured_media":2271,"parent":0,"menu_order":0,"comment_status":"closed","ping_status":"closed","template":"","meta":{"_editorskit_title_hidden":false,"_editorskit_reading_time":0,"_editorskit_is_block_options_detached":false,"_editorskit_block_options_position":"{}","_genesis_hide_title":false,"_genesis_hide_breadcrumbs":false,"_genesis_hide_singular_image":false,"_genesis_hide_footer_widgets":false,"_genesis_custom_body_class":"","_genesis_custom_post_class":"","_genesis_layout":"","footnotes":""},"_links":{"self":[{"href":"https:\/\/ermitaberriip.educacion.navarra.es\/web\/es\/wp-json\/wp\/v2\/pages\/2082"}],"collection":[{"href":"https:\/\/ermitaberriip.educacion.navarra.es\/web\/es\/wp-json\/wp\/v2\/pages"}],"about":[{"href":"https:\/\/ermitaberriip.educacion.navarra.es\/web\/es\/wp-json\/wp\/v2\/types\/page"}],"author":[{"embeddable":true,"href":"https:\/\/ermitaberriip.educacion.navarra.es\/web\/es\/wp-json\/wp\/v2\/users\/1"}],"replies":[{"embeddable":true,"href":"https:\/\/ermitaberriip.educacion.navarra.es\/web\/es\/wp-json\/wp\/v2\/comments?post=2082"}],"version-history":[{"count":10,"href":"https:\/\/ermitaberriip.educacion.navarra.es\/web\/es\/wp-json\/wp\/v2\/pages\/2082\/revisions"}],"predecessor-version":[{"id":14783,"href":"https:\/\/ermitaberriip.educacion.navarra.es\/web\/es\/wp-json\/wp\/v2\/pages\/2082\/revisions\/14783"}],"wp:featuredmedia":[{"embeddable":true,"href":"https:\/\/ermitaberriip.educacion.navarra.es\/web\/es\/wp-json\/wp\/v2\/media\/2271"}],"wp:attachment":[{"href":"https:\/\/ermitaberriip.educacion.navarra.es\/web\/es\/wp-json\/wp\/v2\/media?parent=2082"}],"curies":[{"name":"wp","href":"https:\/\/api.w.org\/{rel}","templated":true}]}}