{"id":3204,"date":"2018-04-28T23:53:56","date_gmt":"2018-04-28T21:53:56","guid":{"rendered":"https:\/\/ermitaberriip.educacion.navarra.es\/web\/?page_id=3204"},"modified":"2018-05-08T00:07:18","modified_gmt":"2018-05-07T22:07:18","slug":"proyectos-de-solidaridad","status":"publish","type":"page","link":"https:\/\/ermitaberriip.educacion.navarra.es\/web\/es\/proyectos-de-solidaridad\/","title":{"rendered":"Proyectos de solidaridad"},"content":{"rendered":"<p>En Ermitaberri llevamos a cabo varias actividades solidarias durante el curso. Algunas vienen repiti\u00e9ndose cada a\u00f1o y otras son proyectos a largo plazo que requieren una colaboraci\u00f3n continuada. Durante los \u00faltimos a\u00f1os hemos participado en muchas acciones solidarias (a favor de los refugiados en Grecia, para ayudar a los ni\u00f1os y ni\u00f1as de Senegal a trav\u00e9s de Amaia Alonso, etc.) y, al fin y al cabo, es una filosof\u00eda con gran arraigo dentro de nuestra escuela.<\/p>\n<p>En estos momentos tenemos en marcha tres actividades. Haciendo clic sobre cada una de ellas obtendr\u00e1s informaci\u00f3n m\u00e1s detallada:<\/p>\n<ul style=\"list-style-type: disc;\">\n<li><a href=\"https:\/\/ermitaberriip.educacion.navarra.es\/web\/es\/blog\/sindrome-de-dravet\/\" target=\"_blank\" rel=\"noopener\">Para conseguir recursos para tratar de curar el S\u00edndrome de Dravet<\/a><\/li>\n<li><a href=\"https:\/\/ermitaberriip.educacion.navarra.es\/web\/es\/blog\/recogida-de-alimentos\/\" target=\"_blank\" rel=\"noopener\">Recogida de alimentos<\/a><\/li>\n<li>Mercadillo Solidario<\/li>\n<\/ul>\n<p>&nbsp;<\/p>\n","protected":false},"excerpt":{"rendered":"<p>En Ermitaberri llevamos a cabo varias actividades solidarias durante el curso. Algunas vienen repiti\u00e9ndose cada a\u00f1o y otras son proyectos a largo plazo que requieren una colaboraci\u00f3n continuada. Durante los \u00faltimos a\u00f1os hemos participado en muchas acciones solidarias (a favor de los refugiados en Grecia, para ayudar a los ni\u00f1os y ni\u00f1as de Senegal a [&hellip;]<\/p>\n","protected":false},"author":1,"featured_media":0,"parent":0,"menu_order":0,"comment_status":"closed","ping_status":"closed","template":"","meta":{"_editorskit_title_hidden":false,"_editorskit_reading_time":0,"_editorskit_is_block_options_detached":false,"_editorskit_block_options_position":"{}","_genesis_hide_title":false,"_genesis_hide_breadcrumbs":false,"_genesis_hide_singular_image":false,"_genesis_hide_footer_widgets":false,"_genesis_custom_body_class":"","_genesis_custom_post_class":"","_genesis_layout":"","footnotes":""},"_links":{"self":[{"href":"https:\/\/ermitaberriip.educacion.navarra.es\/web\/es\/wp-json\/wp\/v2\/pages\/3204"}],"collection":[{"href":"https:\/\/ermitaberriip.educacion.navarra.es\/web\/es\/wp-json\/wp\/v2\/pages"}],"about":[{"href":"https:\/\/ermitaberriip.educacion.navarra.es\/web\/es\/wp-json\/wp\/v2\/types\/page"}],"author":[{"embeddable":true,"href":"https:\/\/ermitaberriip.educacion.navarra.es\/web\/es\/wp-json\/wp\/v2\/users\/1"}],"replies":[{"embeddable":true,"href":"https:\/\/ermitaberriip.educacion.navarra.es\/web\/es\/wp-json\/wp\/v2\/comments?post=3204"}],"version-history":[{"count":4,"href":"https:\/\/ermitaberriip.educacion.navarra.es\/web\/es\/wp-json\/wp\/v2\/pages\/3204\/revisions"}],"predecessor-version":[{"id":3989,"href":"https:\/\/ermitaberriip.educacion.navarra.es\/web\/es\/wp-json\/wp\/v2\/pages\/3204\/revisions\/3989"}],"wp:attachment":[{"href":"https:\/\/ermitaberriip.educacion.navarra.es\/web\/es\/wp-json\/wp\/v2\/media?parent=3204"}],"curies":[{"name":"wp","href":"https:\/\/api.w.org\/{rel}","templated":true}]}}