{"id":3253,"date":"2018-04-29T09:48:09","date_gmt":"2018-04-29T07:48:09","guid":{"rendered":"https:\/\/ermitaberriip.educacion.navarra.es\/web\/?page_id=3253"},"modified":"2020-01-14T10:45:39","modified_gmt":"2020-01-14T09:45:39","slug":"preguntas-frecuentes","status":"publish","type":"page","link":"https:\/\/ermitaberriip.educacion.navarra.es\/web\/es\/preguntas-frecuentes\/","title":{"rendered":"Preguntas frecuentes"},"content":{"rendered":"\t\t<div data-elementor-type=\"wp-post\" data-elementor-id=\"3253\" class=\"elementor elementor-3253 elementor-3249\" data-elementor-post-type=\"page\">\n\t\t\t\t\t\t\t\t\t<section class=\"elementor-section elementor-top-section elementor-element elementor-element-13e3464a elementor-section-boxed elementor-section-height-default elementor-section-height-default\" data-id=\"13e3464a\" data-element_type=\"section\">\n\t\t\t\t\t\t<div class=\"elementor-container elementor-column-gap-default\">\n\t\t\t\t\t<div class=\"elementor-column elementor-col-100 elementor-top-column elementor-element elementor-element-6e70d28d\" data-id=\"6e70d28d\" data-element_type=\"column\">\n\t\t\t<div class=\"elementor-widget-wrap elementor-element-populated\">\n\t\t\t\t\t\t\t\t<div class=\"elementor-element elementor-element-5cc3131f elementor-widget elementor-widget-toggle\" data-id=\"5cc3131f\" data-element_type=\"widget\" data-widget_type=\"toggle.default\">\n\t\t\t\t<div class=\"elementor-widget-container\">\n\t\t\t\t\t<div class=\"elementor-toggle\">\n\t\t\t\t\t\t\t<div class=\"elementor-toggle-item\">\n\t\t\t\t\t<div id=\"elementor-tab-title-1551\" class=\"elementor-tab-title\" data-tab=\"1\" role=\"button\" aria-controls=\"elementor-tab-content-1551\" aria-expanded=\"false\">\n\t\t\t\t\t\t\t\t\t\t\t\t<span class=\"elementor-toggle-icon elementor-toggle-icon-left\" aria-hidden=\"true\">\n\t\t\t\t\t\t\t\t\t\t\t\t\t\t\t<span class=\"elementor-toggle-icon-closed\"><i class=\"fas fa-caret-right\"><\/i><\/span>\n\t\t\t\t\t\t\t\t<span class=\"elementor-toggle-icon-opened\"><i class=\"elementor-toggle-icon-opened fas fa-caret-up\"><\/i><\/span>\n\t\t\t\t\t\t\t\t\t\t\t\t\t<\/span>\n\t\t\t\t\t\t\t\t\t\t\t\t<a class=\"elementor-toggle-title\" tabindex=\"0\">1) \u00bfQu\u00e9 es la Jornada Continua?<\/a>\n\t\t\t\t\t<\/div>\n\n\t\t\t\t\t<div id=\"elementor-tab-content-1551\" class=\"elementor-tab-content elementor-clearfix\" data-tab=\"1\" role=\"region\" aria-labelledby=\"elementor-tab-title-1551\"><p>Es el horario cuyas clases lectivas se desarrollan solo por la ma\u00f1ana. En Ermitaberri seguimos el horario de 8:50h a 14:00h. Puedes ampliar la informaci\u00f3n sobre el horario <a href=\"https:\/\/ermitaberriip.educacion.navarra.es\/web\/es\/horario\/\" target=\"_blank\" rel=\"noopener\">aqu\u00ed<\/a>.<\/p><p><span style=\"font-weight: 400;\">Adem\u00e1s de ello, los alumnos y alumnas pueden realizar actividades optativas por la tarde, de 15:30h a 16:30h de lunes a jueves entre los meses de octubre y mayo. Unas actividades ser\u00e1n gratuitas (<a href=\"https:\/\/ermitaberriip.educacion.navarra.es\/web\/es\/blog\/actividades-optativas-de-tarde-del-profesorado\/\" target=\"_blank\" rel=\"noopener\">las organizadas por el profesorado<\/a>), y otras ser\u00e1n de pago (<a href=\"https:\/\/ermitaberriip.educacion.navarra.es\/web\/es\/blog\/actividades-optativas-de-tarde-organizadas-por-la-apyma\/\" target=\"_blank\" rel=\"noopener\">las que organiza la APYMA<\/a>).<\/span><\/p><\/div>\n\t\t\t\t<\/div>\n\t\t\t\t\t\t\t<div class=\"elementor-toggle-item\">\n\t\t\t\t\t<div id=\"elementor-tab-title-1552\" class=\"elementor-tab-title\" data-tab=\"2\" role=\"button\" aria-controls=\"elementor-tab-content-1552\" aria-expanded=\"false\">\n\t\t\t\t\t\t\t\t\t\t\t\t<span class=\"elementor-toggle-icon elementor-toggle-icon-left\" aria-hidden=\"true\">\n\t\t\t\t\t\t\t\t\t\t\t\t\t\t\t<span class=\"elementor-toggle-icon-closed\"><i class=\"fas fa-caret-right\"><\/i><\/span>\n\t\t\t\t\t\t\t\t<span class=\"elementor-toggle-icon-opened\"><i class=\"elementor-toggle-icon-opened fas fa-caret-up\"><\/i><\/span>\n\t\t\t\t\t\t\t\t\t\t\t\t\t<\/span>\n\t\t\t\t\t\t\t\t\t\t\t\t<a class=\"elementor-toggle-title\" tabindex=\"0\">2) \u00bfC\u00f3mo puedo enviar una sugerencia, queja, reclamaci\u00f3n o agradecimiento al colegio?<\/a>\n\t\t\t\t\t<\/div>\n\n\t\t\t\t\t<div id=\"elementor-tab-content-1552\" class=\"elementor-tab-content elementor-clearfix\" data-tab=\"2\" role=\"region\" aria-labelledby=\"elementor-tab-title-1552\"><p>Puedes utilizar nuestro formulario de <a href=\"https:\/\/ermitaberriip.educacion.navarra.es\/web\/es\/contacto\/\" target=\"_blank\" rel=\"noopener\">Contacto<\/a>.<\/p><p>Para cualquier otra informaci\u00f3n tambi\u00e9n puedes llamarnos por tel\u00e9fono o enviarnos un correo electr\u00f3nico:<\/p><ul><li>Tel\u00e9fono general: 948 13 66 68<\/li><li>Tel\u00e9fono Comedor: 948 13 05 54<\/li><li>E-mail: cpermita@educacion.navarra.es<\/li><\/ul><\/div>\n\t\t\t\t<\/div>\n\t\t\t\t\t\t\t<div class=\"elementor-toggle-item\">\n\t\t\t\t\t<div id=\"elementor-tab-title-1553\" class=\"elementor-tab-title\" data-tab=\"3\" role=\"button\" aria-controls=\"elementor-tab-content-1553\" aria-expanded=\"false\">\n\t\t\t\t\t\t\t\t\t\t\t\t<span class=\"elementor-toggle-icon elementor-toggle-icon-left\" aria-hidden=\"true\">\n\t\t\t\t\t\t\t\t\t\t\t\t\t\t\t<span class=\"elementor-toggle-icon-closed\"><i class=\"fas fa-caret-right\"><\/i><\/span>\n\t\t\t\t\t\t\t\t<span class=\"elementor-toggle-icon-opened\"><i class=\"elementor-toggle-icon-opened fas fa-caret-up\"><\/i><\/span>\n\t\t\t\t\t\t\t\t\t\t\t\t\t<\/span>\n\t\t\t\t\t\t\t\t\t\t\t\t<a class=\"elementor-toggle-title\" tabindex=\"0\">3) \u00bfPuedo conocer el colegio y realizar una visita personalizada antes del periodo de matriculaci\u00f3n?<\/a>\n\t\t\t\t\t<\/div>\n\n\t\t\t\t\t<div id=\"elementor-tab-content-1553\" class=\"elementor-tab-content elementor-clearfix\" data-tab=\"3\" role=\"region\" aria-labelledby=\"elementor-tab-title-1553\"><p>S\u00ed. A partir del mes de diciembre puedes concertar una cita con la directora de Ermitaberri. Para ello, puedes utilizar nuestro formulario de <a href=\"https:\/\/ermitaberriip.educacion.navarra.es\/web\/es\/contacto\/\" target=\"_blank\" rel=\"noopener\">Contacto<\/a>. Tambi\u00e9n puedes llamarnos por tel\u00e9fono o enviarnos un correo electr\u00f3nico:<\/p><ul><li style=\"font-weight: 400;\"><span style=\"font-weight: 400;\">Tel\u00e9fono general: 948 13 66 68<\/span><\/li><li style=\"font-weight: 400;\"><span style=\"font-weight: 400;\">E-mail: cpermita@educacion.navarra.es<\/span><\/li><\/ul><\/div>\n\t\t\t\t<\/div>\n\t\t\t\t\t\t\t<div class=\"elementor-toggle-item\">\n\t\t\t\t\t<div id=\"elementor-tab-title-1554\" class=\"elementor-tab-title\" data-tab=\"4\" role=\"button\" aria-controls=\"elementor-tab-content-1554\" aria-expanded=\"false\">\n\t\t\t\t\t\t\t\t\t\t\t\t<span class=\"elementor-toggle-icon elementor-toggle-icon-left\" aria-hidden=\"true\">\n\t\t\t\t\t\t\t\t\t\t\t\t\t\t\t<span class=\"elementor-toggle-icon-closed\"><i class=\"fas fa-caret-right\"><\/i><\/span>\n\t\t\t\t\t\t\t\t<span class=\"elementor-toggle-icon-opened\"><i class=\"elementor-toggle-icon-opened fas fa-caret-up\"><\/i><\/span>\n\t\t\t\t\t\t\t\t\t\t\t\t\t<\/span>\n\t\t\t\t\t\t\t\t\t\t\t\t<a class=\"elementor-toggle-title\" tabindex=\"0\">4) \u00bfC\u00f3mo puedo consultar las calificaciones de mi hijo o hija?<\/a>\n\t\t\t\t\t<\/div>\n\n\t\t\t\t\t<div id=\"elementor-tab-content-1554\" class=\"elementor-tab-content elementor-clearfix\" data-tab=\"4\" role=\"region\" aria-labelledby=\"elementor-tab-title-1554\"><p>Podr\u00e1s hacerlo mediante la aplicaci\u00f3n EDUCA. En ella, adem\u00e1s de las calificaciones, puedes ver tambi\u00e9n datos personales, una relaci\u00f3n de las faltas de asistencia, etc. EDUCA est\u00e1 dise\u00f1ado para poder ser utilizado en ordenadores, tablets y tel\u00e9fonos m\u00f3viles.<\/p><p>De este modo, damos un paso m\u00e1s en nuestro compromiso de ahorro de papel para lograr una escuela sostenible. Si quisieras recibir el bolet\u00edn de calificaciones en papel puedes solicitarlo en Direcci\u00f3n.<\/p><p>Puedes ampliar la informaci\u00f3n referente a EDUCA <a href=\"https:\/\/ermitaberriip.educacion.navarra.es\/web\/es\/educa\/\" target=\"_blank\" rel=\"noopener\">aqu\u00ed<\/a>.<\/p><p>EDUCAri buruzko Informazio guztia <a href=\"https:\/\/ermitaberriip.educacion.navarra.es\/web\/educa\/\" target=\"_blank\" rel=\"noopener\">hemen<\/a> eskura dezakezu.<\/p><p><span style=\"font-weight: 400;\">\u00a0<\/span><\/p><\/div>\n\t\t\t\t<\/div>\n\t\t\t\t\t\t\t<div class=\"elementor-toggle-item\">\n\t\t\t\t\t<div id=\"elementor-tab-title-1555\" class=\"elementor-tab-title\" data-tab=\"5\" role=\"button\" aria-controls=\"elementor-tab-content-1555\" aria-expanded=\"false\">\n\t\t\t\t\t\t\t\t\t\t\t\t<span class=\"elementor-toggle-icon elementor-toggle-icon-left\" aria-hidden=\"true\">\n\t\t\t\t\t\t\t\t\t\t\t\t\t\t\t<span class=\"elementor-toggle-icon-closed\"><i class=\"fas fa-caret-right\"><\/i><\/span>\n\t\t\t\t\t\t\t\t<span class=\"elementor-toggle-icon-opened\"><i class=\"elementor-toggle-icon-opened fas fa-caret-up\"><\/i><\/span>\n\t\t\t\t\t\t\t\t\t\t\t\t\t<\/span>\n\t\t\t\t\t\t\t\t\t\t\t\t<a class=\"elementor-toggle-title\" tabindex=\"0\">5) \u00bfCu\u00e1ntas sesiones semanales de Ingl\u00e9s impartimos?<\/a>\n\t\t\t\t\t<\/div>\n\n\t\t\t\t\t<div id=\"elementor-tab-content-1555\" class=\"elementor-tab-content elementor-clearfix\" data-tab=\"5\" role=\"region\" aria-labelledby=\"elementor-tab-title-1555\"><p>En Educaci\u00f3n Infantil son 4 sesiones semanales. En 1\u00ba de Educaci\u00f3n Infantil comenzamos con el Ingl\u00e9s a partir de enero.<\/p><p>En Educaci\u00f3n Primaria impartimos 5 sesiones semanales en todos los cursos.<\/p><\/div>\n\t\t\t\t<\/div>\n\t\t\t\t\t\t\t<div class=\"elementor-toggle-item\">\n\t\t\t\t\t<div id=\"elementor-tab-title-1556\" class=\"elementor-tab-title\" data-tab=\"6\" role=\"button\" aria-controls=\"elementor-tab-content-1556\" aria-expanded=\"false\">\n\t\t\t\t\t\t\t\t\t\t\t\t<span class=\"elementor-toggle-icon elementor-toggle-icon-left\" aria-hidden=\"true\">\n\t\t\t\t\t\t\t\t\t\t\t\t\t\t\t<span class=\"elementor-toggle-icon-closed\"><i class=\"fas fa-caret-right\"><\/i><\/span>\n\t\t\t\t\t\t\t\t<span class=\"elementor-toggle-icon-opened\"><i class=\"elementor-toggle-icon-opened fas fa-caret-up\"><\/i><\/span>\n\t\t\t\t\t\t\t\t\t\t\t\t\t<\/span>\n\t\t\t\t\t\t\t\t\t\t\t\t<a class=\"elementor-toggle-title\" tabindex=\"0\">6) \u00bfCu\u00e1ntas reuniones tendremos con el tutor o tutora durante el curso?<\/a>\n\t\t\t\t\t<\/div>\n\n\t\t\t\t\t<div id=\"elementor-tab-content-1556\" class=\"elementor-tab-content elementor-clearfix\" data-tab=\"6\" role=\"region\" aria-labelledby=\"elementor-tab-title-1556\"><p>En octubre celebramos una reuni\u00f3n general entre el tutor\/a y todas las familias, en ella explicamos el funcionamiento del grupo para todo el curso. Adem\u00e1s, al final del 1<sup>er<\/sup> y 3<sup>er<\/sup> trimestre el tutor o tutora realiza una entrevista con cada familia para explicar y analizar la evoluci\u00f3n del alumno\/a.<\/p><p>Cada profesor\/a, del mismo modo, ofrece una hora semanal para entrevistas con las familias. Este horario de tutor\u00edas lo definimos en el informe que repartimos en la reuni\u00f3n general de octubre y, en general, se establece los lunes de 14:00h a 15:00h. Si alguna familia no pudiera acudir a esta hora podr\u00e1 concertar cita con el profesor\/a en otro momento.<\/p><\/div>\n\t\t\t\t<\/div>\n\t\t\t\t\t\t\t<div class=\"elementor-toggle-item\">\n\t\t\t\t\t<div id=\"elementor-tab-title-1557\" class=\"elementor-tab-title\" data-tab=\"7\" role=\"button\" aria-controls=\"elementor-tab-content-1557\" aria-expanded=\"false\">\n\t\t\t\t\t\t\t\t\t\t\t\t<span class=\"elementor-toggle-icon elementor-toggle-icon-left\" aria-hidden=\"true\">\n\t\t\t\t\t\t\t\t\t\t\t\t\t\t\t<span class=\"elementor-toggle-icon-closed\"><i class=\"fas fa-caret-right\"><\/i><\/span>\n\t\t\t\t\t\t\t\t<span class=\"elementor-toggle-icon-opened\"><i class=\"elementor-toggle-icon-opened fas fa-caret-up\"><\/i><\/span>\n\t\t\t\t\t\t\t\t\t\t\t\t\t<\/span>\n\t\t\t\t\t\t\t\t\t\t\t\t<a class=\"elementor-toggle-title\" tabindex=\"0\">7) \u00bfQu\u00e9 debo hacer para tener una entrevista con un o una especialista?<\/a>\n\t\t\t\t\t<\/div>\n\n\t\t\t\t\t<div id=\"elementor-tab-content-1557\" class=\"elementor-tab-content elementor-clearfix\" data-tab=\"7\" role=\"region\" aria-labelledby=\"elementor-tab-title-1557\"><p>Debes escribir una nota en la agenda escolar de tu hijo\/a, para que \u00e9ste\/\u00e9sta se la muestre al profesor\/a en cuesti\u00f3n.<\/p><p>En todo caso, tambi\u00e9n puedes utilizar nuestro formulario de <a href=\"https:\/\/ermitaberriip.educacion.navarra.es\/web\/es\/contacto\/\" target=\"_blank\" rel=\"noopener\">Contacto<\/a>,\u00a0llamarnos por tel\u00e9fono o enviarnos un correo electr\u00f3nico para tal fin:<\/p><ul><li>Tel\u00e9fono general: 948 13 66 68<\/li><li>E-mail: cpermita@educacion.navarra.es<\/li><\/ul><\/div>\n\t\t\t\t<\/div>\n\t\t\t\t\t\t\t<div class=\"elementor-toggle-item\">\n\t\t\t\t\t<div id=\"elementor-tab-title-1558\" class=\"elementor-tab-title\" data-tab=\"8\" role=\"button\" aria-controls=\"elementor-tab-content-1558\" aria-expanded=\"false\">\n\t\t\t\t\t\t\t\t\t\t\t\t<span class=\"elementor-toggle-icon elementor-toggle-icon-left\" aria-hidden=\"true\">\n\t\t\t\t\t\t\t\t\t\t\t\t\t\t\t<span class=\"elementor-toggle-icon-closed\"><i class=\"fas fa-caret-right\"><\/i><\/span>\n\t\t\t\t\t\t\t\t<span class=\"elementor-toggle-icon-opened\"><i class=\"elementor-toggle-icon-opened fas fa-caret-up\"><\/i><\/span>\n\t\t\t\t\t\t\t\t\t\t\t\t\t<\/span>\n\t\t\t\t\t\t\t\t\t\t\t\t<a class=\"elementor-toggle-title\" tabindex=\"0\">8) \u00bfQu\u00e9 puedo hacer si mi hijo\/a ha perdido una prenda u otro tipo de material en el colegio?<\/a>\n\t\t\t\t\t<\/div>\n\n\t\t\t\t\t<div id=\"elementor-tab-content-1558\" class=\"elementor-tab-content elementor-clearfix\" data-tab=\"8\" role=\"region\" aria-labelledby=\"elementor-tab-title-1558\"><p>Si la ropa o el material tuviera nombre, se lo devolveremos a su due\u00f1o\/a. Si no lo tuviera, lo dejaremos en la cesta de \u00abObjetos perdidos\u00bb, junto a Conserjer\u00eda donde podr\u00e9is revisar vuestro material. Las ropas que no se recogen son enviadas a C\u00e1ritas Burlada dos veces al a\u00f1o.<\/p><\/div>\n\t\t\t\t<\/div>\n\t\t\t\t\t\t\t<div class=\"elementor-toggle-item\">\n\t\t\t\t\t<div id=\"elementor-tab-title-1559\" class=\"elementor-tab-title\" data-tab=\"9\" role=\"button\" aria-controls=\"elementor-tab-content-1559\" aria-expanded=\"false\">\n\t\t\t\t\t\t\t\t\t\t\t\t<span class=\"elementor-toggle-icon elementor-toggle-icon-left\" aria-hidden=\"true\">\n\t\t\t\t\t\t\t\t\t\t\t\t\t\t\t<span class=\"elementor-toggle-icon-closed\"><i class=\"fas fa-caret-right\"><\/i><\/span>\n\t\t\t\t\t\t\t\t<span class=\"elementor-toggle-icon-opened\"><i class=\"elementor-toggle-icon-opened fas fa-caret-up\"><\/i><\/span>\n\t\t\t\t\t\t\t\t\t\t\t\t\t<\/span>\n\t\t\t\t\t\t\t\t\t\t\t\t<a class=\"elementor-toggle-title\" tabindex=\"0\">9) \u00bfQu\u00e9 hago si mi hijo\/a ha olvidado algo en casa?<\/a>\n\t\t\t\t\t<\/div>\n\n\t\t\t\t\t<div id=\"elementor-tab-content-1559\" class=\"elementor-tab-content elementor-clearfix\" data-tab=\"9\" role=\"region\" aria-labelledby=\"elementor-tab-title-1559\"><p>No se lo traigas al colegio. De este modo,\u00a0mejoramos su autonom\u00eda y responsabilidad.<\/p><p>Igualmente, si olvida algo en la escuela no podr\u00e1 cogerlo hasta el d\u00eda siguiente.<\/p><p>Puedes consultar la normativa del colegio <a href=\"https:\/\/ermitaberriip.educacion.navarra.es\/web\/es\/reglamento\/\" target=\"_blank\" rel=\"noopener\">aqu\u00ed<\/a>.<\/p><p><span style=\"font-weight: 400;\">\u00a0<\/span><\/p><\/div>\n\t\t\t\t<\/div>\n\t\t\t\t\t\t\t<div class=\"elementor-toggle-item\">\n\t\t\t\t\t<div id=\"elementor-tab-title-15510\" class=\"elementor-tab-title\" data-tab=\"10\" role=\"button\" aria-controls=\"elementor-tab-content-15510\" aria-expanded=\"false\">\n\t\t\t\t\t\t\t\t\t\t\t\t<span class=\"elementor-toggle-icon elementor-toggle-icon-left\" aria-hidden=\"true\">\n\t\t\t\t\t\t\t\t\t\t\t\t\t\t\t<span class=\"elementor-toggle-icon-closed\"><i class=\"fas fa-caret-right\"><\/i><\/span>\n\t\t\t\t\t\t\t\t<span class=\"elementor-toggle-icon-opened\"><i class=\"elementor-toggle-icon-opened fas fa-caret-up\"><\/i><\/span>\n\t\t\t\t\t\t\t\t\t\t\t\t\t<\/span>\n\t\t\t\t\t\t\t\t\t\t\t\t<a class=\"elementor-toggle-title\" tabindex=\"0\">10) \u00bfC\u00f3mo debo notificar al colegio en caso de cambiar la cuenta bancaria del alumno\/a?<\/a>\n\t\t\t\t\t<\/div>\n\n\t\t\t\t\t<div id=\"elementor-tab-content-15510\" class=\"elementor-tab-content elementor-clearfix\" data-tab=\"10\" role=\"region\" aria-labelledby=\"elementor-tab-title-15510\"><p>Deber\u00e1s rellenar un impreso, disponible en Secretar\u00eda, en el que constar\u00e1n el nombre y apellidos del titular de la nueva cuenta y su firma.<\/p><p>Puedes tambi\u00e9n descargar <span style=\"font-weight: 400;\"><a href=\"https:\/\/ermitaberriip.educacion.navarra.es\/web\/wp-content\/uploads\/2020\/01\/Kontu-korrontearen-agiria-Ermitaberri-2020.pdf\">aqu\u00ed<\/a> <\/span>el impreso.<\/p><\/div>\n\t\t\t\t<\/div>\n\t\t\t\t\t\t\t<div class=\"elementor-toggle-item\">\n\t\t\t\t\t<div id=\"elementor-tab-title-15511\" class=\"elementor-tab-title\" data-tab=\"11\" role=\"button\" aria-controls=\"elementor-tab-content-15511\" aria-expanded=\"false\">\n\t\t\t\t\t\t\t\t\t\t\t\t<span class=\"elementor-toggle-icon elementor-toggle-icon-left\" aria-hidden=\"true\">\n\t\t\t\t\t\t\t\t\t\t\t\t\t\t\t<span class=\"elementor-toggle-icon-closed\"><i class=\"fas fa-caret-right\"><\/i><\/span>\n\t\t\t\t\t\t\t\t<span class=\"elementor-toggle-icon-opened\"><i class=\"elementor-toggle-icon-opened fas fa-caret-up\"><\/i><\/span>\n\t\t\t\t\t\t\t\t\t\t\t\t\t<\/span>\n\t\t\t\t\t\t\t\t\t\t\t\t<a class=\"elementor-toggle-title\" tabindex=\"0\">11) Si se produjera alg\u00fan cambio en los datos personales del alumno\/a o padres\/madres, \u00bfc\u00f3mo debo notificarlo?<\/a>\n\t\t\t\t\t<\/div>\n\n\t\t\t\t\t<div id=\"elementor-tab-content-15511\" class=\"elementor-tab-content elementor-clearfix\" data-tab=\"11\" role=\"region\" aria-labelledby=\"elementor-tab-title-15511\"><p>Puedes utilizar nuestro formulario de <a href=\"https:\/\/ermitaberriip.educacion.navarra.es\/web\/es\/contacto\/\" target=\"_blank\" rel=\"noopener\">Contacto<\/a>.\u00a0Tambi\u00e9n puedes llamarnos por tel\u00e9fono o enviarnos un correo electr\u00f3nico:<\/p><ul><li>Tel\u00e9fono general: 948 13 66 68<\/li><li>E-mail: cpermita@educacion.navarra.es<\/li><\/ul><p>Recogeremos la modificaci\u00f3n de los datos en Secretar\u00eda y, si fuera necesario, se lo notificaremos tambi\u00e9n al tutor\/a correspondiente.<\/p><p>En caso de que el cambio de datos tambi\u00e9n afecte a la gesti\u00f3n del Comedor, deber\u00e1s notificarlo tambi\u00e9n a la responsable del Comedor, bien por tel\u00e9fono (948 13 05 54) o bien de manera presencial en su oficina, de lunes a viernes de 8:50h a 9:20h.<\/p><\/div>\n\t\t\t\t<\/div>\n\t\t\t\t\t\t\t<div class=\"elementor-toggle-item\">\n\t\t\t\t\t<div id=\"elementor-tab-title-15512\" class=\"elementor-tab-title\" data-tab=\"12\" role=\"button\" aria-controls=\"elementor-tab-content-15512\" aria-expanded=\"false\">\n\t\t\t\t\t\t\t\t\t\t\t\t<span class=\"elementor-toggle-icon elementor-toggle-icon-left\" aria-hidden=\"true\">\n\t\t\t\t\t\t\t\t\t\t\t\t\t\t\t<span class=\"elementor-toggle-icon-closed\"><i class=\"fas fa-caret-right\"><\/i><\/span>\n\t\t\t\t\t\t\t\t<span class=\"elementor-toggle-icon-opened\"><i class=\"elementor-toggle-icon-opened fas fa-caret-up\"><\/i><\/span>\n\t\t\t\t\t\t\t\t\t\t\t\t\t<\/span>\n\t\t\t\t\t\t\t\t\t\t\t\t<a class=\"elementor-toggle-title\" tabindex=\"0\">12) \u00bfDebo avisar si mi hijo o hija no pudiera ir ese d\u00eda al comedor?<\/a>\n\t\t\t\t\t<\/div>\n\n\t\t\t\t\t<div id=\"elementor-tab-content-15512\" class=\"elementor-tab-content elementor-clearfix\" data-tab=\"12\" role=\"region\" aria-labelledby=\"elementor-tab-title-15512\"><p>S\u00ed, hay que avisar a la responsable del Comedor\u00a0bien por tel\u00e9fono (948 13 05 54) o bien de manera presencial en su oficina, de lunes a viernes de 8:50h a 9:20h.<\/p><p>De este modo, se os descontar\u00e1 el precio de ese d\u00eda (2 euros).<\/p><p>Para ampliar la informaci\u00f3n del servicio de Comedor pincha <a href=\"https:\/\/ermitaberriip.educacion.navarra.es\/web\/es\/comedor\/\" target=\"_blank\" rel=\"noopener\">aqu\u00ed<\/a>.<\/p><p><span style=\"font-weight: 400;\">\u00a0<\/span><\/p><\/div>\n\t\t\t\t<\/div>\n\t\t\t\t\t\t\t<div class=\"elementor-toggle-item\">\n\t\t\t\t\t<div id=\"elementor-tab-title-15513\" class=\"elementor-tab-title\" data-tab=\"13\" role=\"button\" aria-controls=\"elementor-tab-content-15513\" aria-expanded=\"false\">\n\t\t\t\t\t\t\t\t\t\t\t\t<span class=\"elementor-toggle-icon elementor-toggle-icon-left\" aria-hidden=\"true\">\n\t\t\t\t\t\t\t\t\t\t\t\t\t\t\t<span class=\"elementor-toggle-icon-closed\"><i class=\"fas fa-caret-right\"><\/i><\/span>\n\t\t\t\t\t\t\t\t<span class=\"elementor-toggle-icon-opened\"><i class=\"elementor-toggle-icon-opened fas fa-caret-up\"><\/i><\/span>\n\t\t\t\t\t\t\t\t\t\t\t\t\t<\/span>\n\t\t\t\t\t\t\t\t\t\t\t\t<a class=\"elementor-toggle-title\" tabindex=\"0\">13) \u00bfSe puede utilizar el comedor escolar para celebrar cumplea\u00f1os?<\/a>\n\t\t\t\t\t<\/div>\n\n\t\t\t\t\t<div id=\"elementor-tab-content-15513\" class=\"elementor-tab-content elementor-clearfix\" data-tab=\"13\" role=\"region\" aria-labelledby=\"elementor-tab-title-15513\"><p>S\u00ed. Para ello, hay que anotar en el calendario disponible en Conserjer\u00eda la fecha de la celebraci\u00f3n y el nombre del o de la responsable del grupo. Puedes consultar las normas para regular este servicio en la puerta de entrada al comedor.<\/p><\/div>\n\t\t\t\t<\/div>\n\t\t\t\t\t\t\t<div class=\"elementor-toggle-item\">\n\t\t\t\t\t<div id=\"elementor-tab-title-15514\" class=\"elementor-tab-title\" data-tab=\"14\" role=\"button\" aria-controls=\"elementor-tab-content-15514\" aria-expanded=\"false\">\n\t\t\t\t\t\t\t\t\t\t\t\t<span class=\"elementor-toggle-icon elementor-toggle-icon-left\" aria-hidden=\"true\">\n\t\t\t\t\t\t\t\t\t\t\t\t\t\t\t<span class=\"elementor-toggle-icon-closed\"><i class=\"fas fa-caret-right\"><\/i><\/span>\n\t\t\t\t\t\t\t\t<span class=\"elementor-toggle-icon-opened\"><i class=\"elementor-toggle-icon-opened fas fa-caret-up\"><\/i><\/span>\n\t\t\t\t\t\t\t\t\t\t\t\t\t<\/span>\n\t\t\t\t\t\t\t\t\t\t\t\t<a class=\"elementor-toggle-title\" tabindex=\"0\">14) \u00bfQu\u00e9 debo hacer cuando vengo a buscar a mi hijo\/a al colegio en horario escolar?<\/a>\n\t\t\t\t\t<\/div>\n\n\t\t\t\t\t<div id=\"elementor-tab-content-15514\" class=\"elementor-tab-content elementor-clearfix\" data-tab=\"14\" role=\"region\" aria-labelledby=\"elementor-tab-title-15514\"><p>Deber\u00e1s rellenar un documento en Conserjer\u00eda en el que conste a qu\u00e9 hora sale el alumno\/a del colegio, y con qui\u00e9n. El\/la conserje ir\u00e1 a clase para avisar al ni\u00f1o\/a.<\/p><p><span style=\"font-weight: 400;\">\u00a0<\/span><\/p><\/div>\n\t\t\t\t<\/div>\n\t\t\t\t\t\t\t<div class=\"elementor-toggle-item\">\n\t\t\t\t\t<div id=\"elementor-tab-title-15515\" class=\"elementor-tab-title\" data-tab=\"15\" role=\"button\" aria-controls=\"elementor-tab-content-15515\" aria-expanded=\"false\">\n\t\t\t\t\t\t\t\t\t\t\t\t<span class=\"elementor-toggle-icon elementor-toggle-icon-left\" aria-hidden=\"true\">\n\t\t\t\t\t\t\t\t\t\t\t\t\t\t\t<span class=\"elementor-toggle-icon-closed\"><i class=\"fas fa-caret-right\"><\/i><\/span>\n\t\t\t\t\t\t\t\t<span class=\"elementor-toggle-icon-opened\"><i class=\"elementor-toggle-icon-opened fas fa-caret-up\"><\/i><\/span>\n\t\t\t\t\t\t\t\t\t\t\t\t\t<\/span>\n\t\t\t\t\t\t\t\t\t\t\t\t<a class=\"elementor-toggle-title\" tabindex=\"0\">15) Si mi hijo\/a va a acudir tarde al colegio, \u00bfdebo avisar previamente?<\/a>\n\t\t\t\t\t<\/div>\n\n\t\t\t\t\t<div id=\"elementor-tab-content-15515\" class=\"elementor-tab-content elementor-clearfix\" data-tab=\"15\" role=\"region\" aria-labelledby=\"elementor-tab-title-15515\"><p>No es necesario.<\/p><p>Si quisieras, puedes escribir en la agenda del alumno\/a una nota dirigida al tutor\/a explicando el caso.<\/p><p><span style=\"font-weight: 400;\">\u00a0<\/span><\/p><\/div>\n\t\t\t\t<\/div>\n\t\t\t\t\t\t\t\t<\/div>\n\t\t\t\t<\/div>\n\t\t\t\t<\/div>\n\t\t\t\t\t<\/div>\n\t\t<\/div>\n\t\t\t\t\t\t\t<\/div>\n\t\t<\/section>\n\t\t\t\t\t\t\t<\/div>\n\t\t","protected":false},"excerpt":{"rendered":"<p>1) \u00bfQu\u00e9 es la Jornada Continua? Es el horario cuyas clases lectivas se desarrollan solo por la ma\u00f1ana. En Ermitaberri seguimos el horario de 8:50h a 14:00h. Puedes ampliar la informaci\u00f3n sobre el horario aqu\u00ed. Adem\u00e1s de ello, los alumnos y alumnas pueden realizar actividades optativas por la tarde, de 15:30h a 16:30h de lunes [&hellip;]<\/p>\n","protected":false},"author":1,"featured_media":0,"parent":0,"menu_order":0,"comment_status":"closed","ping_status":"closed","template":"","meta":{"_editorskit_title_hidden":false,"_editorskit_reading_time":0,"_editorskit_is_block_options_detached":false,"_editorskit_block_options_position":"{}","_genesis_hide_title":false,"_genesis_hide_breadcrumbs":false,"_genesis_hide_singular_image":false,"_genesis_hide_footer_widgets":false,"_genesis_custom_body_class":"","_genesis_custom_post_class":"","_genesis_layout":"","footnotes":""},"_links":{"self":[{"href":"https:\/\/ermitaberriip.educacion.navarra.es\/web\/es\/wp-json\/wp\/v2\/pages\/3253"}],"collection":[{"href":"https:\/\/ermitaberriip.educacion.navarra.es\/web\/es\/wp-json\/wp\/v2\/pages"}],"about":[{"href":"https:\/\/ermitaberriip.educacion.navarra.es\/web\/es\/wp-json\/wp\/v2\/types\/page"}],"author":[{"embeddable":true,"href":"https:\/\/ermitaberriip.educacion.navarra.es\/web\/es\/wp-json\/wp\/v2\/users\/1"}],"replies":[{"embeddable":true,"href":"https:\/\/ermitaberriip.educacion.navarra.es\/web\/es\/wp-json\/wp\/v2\/comments?post=3253"}],"version-history":[{"count":27,"href":"https:\/\/ermitaberriip.educacion.navarra.es\/web\/es\/wp-json\/wp\/v2\/pages\/3253\/revisions"}],"predecessor-version":[{"id":10466,"href":"https:\/\/ermitaberriip.educacion.navarra.es\/web\/es\/wp-json\/wp\/v2\/pages\/3253\/revisions\/10466"}],"wp:attachment":[{"href":"https:\/\/ermitaberriip.educacion.navarra.es\/web\/es\/wp-json\/wp\/v2\/media?parent=3253"}],"curies":[{"name":"wp","href":"https:\/\/api.w.org\/{rel}","templated":true}]}}