{"id":335,"date":"2018-03-30T23:21:08","date_gmt":"2018-03-30T21:21:08","guid":{"rendered":"https:\/\/ermitaberriip.educacion.navarra.es\/web\/?page_id=335"},"modified":"2025-02-07T10:27:42","modified_gmt":"2025-02-07T09:27:42","slug":"actividades-complementarias","status":"publish","type":"page","link":"https:\/\/ermitaberriip.educacion.navarra.es\/web\/es\/actividades-complementarias\/","title":{"rendered":"Actividades complementarias"},"content":{"rendered":"\t\t<div data-elementor-type=\"wp-page\" data-elementor-id=\"335\" class=\"elementor elementor-335 elementor-330\" data-elementor-post-type=\"page\">\n\t\t\t\t\t\t\t\t\t<section class=\"elementor-section elementor-top-section elementor-element elementor-element-1e74e030 elementor-section-boxed elementor-section-height-default elementor-section-height-default\" data-id=\"1e74e030\" data-element_type=\"section\">\n\t\t\t\t\t\t<div class=\"elementor-container elementor-column-gap-default\">\n\t\t\t\t\t<div class=\"elementor-column elementor-col-100 elementor-top-column elementor-element elementor-element-ce6d28b\" data-id=\"ce6d28b\" data-element_type=\"column\">\n\t\t\t<div class=\"elementor-widget-wrap elementor-element-populated\">\n\t\t\t\t\t\t\t\t<div class=\"elementor-element elementor-element-4422da1b elementor-widget elementor-widget-text-editor\" data-id=\"4422da1b\" data-element_type=\"widget\" data-widget_type=\"text-editor.default\">\n\t\t\t\t<div class=\"elementor-widget-container\">\n\t\t\t\t\t\t\t<h3>\u00a0<\/h3><h3><strong>\u00bfQu\u00e9 son las actividades complementarias?<\/strong><\/h3><div>\u00a0<\/div><div>\u00a0La legislaci\u00f3n vigente explica muy claramente en qu\u00e9 consisten las actividades complementarias:<\/div><blockquote><div>\u00a0<em>Se entiende por actividades complementarias aquellas actividades did\u00e1cticas que, formando parte de la Programaci\u00f3n docente y realiz\u00e1ndose fundamentalmente durante el horario lectivo, tienen un car\u00e1cter diferenciado, bien por el momento o el lugar en que se realizan, bien por los recursos o la implicaci\u00f3n del Centro. Estas actividades ser\u00e1n obligatorias para el profesorado y alumnado.<\/em><\/div><div>\u00a0<\/div><div><em>Todos los Centros deber\u00e1n elaborar al comienzo de curso la Programaci\u00f3n de Actividades Complementarias. En ese sentido, ser\u00e1 el Jefe de Estudios quien efectuar\u00e1, siguiendo las directrices elaboradas previamente por el Consejo Escolar, la Programaci\u00f3n Anual de estas actividades, debiendo recoger para ello las propuestas formuladas al respecto por el Claustro y Asociaciones de Padres y Madres. Esta Programaci\u00f3n se incluir\u00e1 formando parte de la Programaci\u00f3n General Anual.<\/em><\/div><div>\u00a0<\/div><div><em>Deber\u00e1n ser coherentes con el Proyecto Educativo del Centro y servir para su correcto desarrollo. En la planificaci\u00f3n de dichas actividades se definir\u00e1n los objetivos, los responsables, el momento y el lugar de realizaci\u00f3n, la forma de participaci\u00f3n del alumnado, as\u00ed como el costo presupuestado.<\/em><\/div><div><p>(<a href=\"http:\/\/www.lexnavarra.navarra.es\/detalle.asp?r=29136\" target=\"_blank\" rel=\"noopener noreferrer\">ORDEN FORAL 257\/1998, DE 16 DE JULIO, DEL CONSEJERO DE EDUCACI\u00d3N Y CULTURA, POR LA QUE SE DESARROLLA EL REGLAMENTO ORG\u00c1NICO DE LAS ESCUELAS P\u00daBLICAS DE EDUCACI\u00d3N INFANTIL, COLEGIOS P\u00daBLICOS DE EDUCACI\u00d3N PRIMARIA Y COLEGIOS P\u00daBLICOS DE EDUCACI\u00d3N INFANTIL Y PRIMARIA &#8211; Art\u00edculo 6<\/a>)<\/p><\/div><\/blockquote><p><strong>\u00bfQu\u00e9 hacemos en Ermitaberri?<\/strong><\/p><p>Para desarrollar estas actividades, en Ermitaberri trabajamos con diversas entidades, siendo las principales las siguientes:<\/p><ul style=\"list-style-type: disc;\"><li><strong>Mancomunidad de la Comarca de Pamplona<\/strong>: a trav\u00e9s del programa <a href=\"https:\/\/www.mancoeduca.org\/index.php\/es\/actividades\/portada\" target=\"_blank\" rel=\"noopener\">Mancoeduca<\/a>, trabajamos los temas relacionados con el agua, el reciclaje\u00a0 y el transporte.<\/li><li><a href=\"http:\/\/firaeducacion.com\/animacion-a-la-lectura\/\" target=\"_blank\" rel=\"noopener\"><strong>FIRA<\/strong><\/a>: actividades de animaci\u00f3n a la lectura mediante sesiones en directo con diferentes autores\/as.<\/li><li><strong>Ciencia Divertida<\/strong>: por medio de Pausoka, son talleres con los que conseguimos acercar la ciencia a los alumnos\/as.<\/li><\/ul><p>El resto de actividades las realizamos en su gran mayor\u00eda en Navarra. Algunas son en Burlada, ya que tenemos una estrecha relaci\u00f3n con el pueblo. Otras actividades las completamos en Pamplona y su Comarca y, por \u00faltimo, unas pocas pero quiz\u00e1s las que m\u00e1s inter\u00e9s despiertan entre los ni\u00f1os y ni\u00f1as, son aquellas en las que nos desplazamos aprovechando la amplia geograf\u00eda de Navarra, sobre todo cuando dormimos fuera de casa. Estos campamentos los realizamos en 3\u00ba de Educaci\u00f3n Infantil, y en 2\u00ba, 4\u00ba y 6\u00ba de Educaci\u00f3n Primaria. Es, precisamente, en este curso, donde llega el colof\u00f3n con la Semana Blanca de Esqu\u00ed Escolar. Adem\u00e1s, en 5\u00ba de Primaria nos inscribimos para participar en el programa English Week, con una duraci\u00f3n de una semana; nuestra participaci\u00f3n, al igual que la del resto de colegios de Navarra, depende de la puntuaci\u00f3n obtenida tras aplicar un baremo de selecci\u00f3n.<\/p><p>Cada actividad es programada y valorada una por una y esta reflexi\u00f3n sirve para planificar las actividades del curso siguiente. Ten\u00e9is disponible para vuestra consulta la programaci\u00f3n de todas las actividades en Direcci\u00f3n.<\/p>\t\t\t\t\t\t<\/div>\n\t\t\t\t<\/div>\n\t\t\t\t\t<\/div>\n\t\t<\/div>\n\t\t\t\t\t\t\t<\/div>\n\t\t<\/section>\n\t\t\t\t\t\t\t<\/div>\n\t\t","protected":false},"excerpt":{"rendered":"<p>\u00a0 \u00bfQu\u00e9 son las actividades complementarias? \u00a0\u00a0La legislaci\u00f3n vigente explica muy claramente en qu\u00e9 consisten las actividades complementarias: \u00a0Se entiende por actividades complementarias aquellas actividades did\u00e1cticas que, formando parte de la Programaci\u00f3n docente y realiz\u00e1ndose fundamentalmente durante el horario lectivo, tienen un car\u00e1cter diferenciado, bien por el momento o el lugar en que se realizan, [&hellip;]<\/p>\n","protected":false},"author":1,"featured_media":0,"parent":0,"menu_order":0,"comment_status":"closed","ping_status":"closed","template":"","meta":{"_editorskit_title_hidden":false,"_editorskit_reading_time":0,"_editorskit_is_block_options_detached":false,"_editorskit_block_options_position":"{}","_genesis_hide_title":false,"_genesis_hide_breadcrumbs":false,"_genesis_hide_singular_image":false,"_genesis_hide_footer_widgets":false,"_genesis_custom_body_class":"","_genesis_custom_post_class":"","_genesis_layout":"","footnotes":""},"_links":{"self":[{"href":"https:\/\/ermitaberriip.educacion.navarra.es\/web\/es\/wp-json\/wp\/v2\/pages\/335"}],"collection":[{"href":"https:\/\/ermitaberriip.educacion.navarra.es\/web\/es\/wp-json\/wp\/v2\/pages"}],"about":[{"href":"https:\/\/ermitaberriip.educacion.navarra.es\/web\/es\/wp-json\/wp\/v2\/types\/page"}],"author":[{"embeddable":true,"href":"https:\/\/ermitaberriip.educacion.navarra.es\/web\/es\/wp-json\/wp\/v2\/users\/1"}],"replies":[{"embeddable":true,"href":"https:\/\/ermitaberriip.educacion.navarra.es\/web\/es\/wp-json\/wp\/v2\/comments?post=335"}],"version-history":[{"count":27,"href":"https:\/\/ermitaberriip.educacion.navarra.es\/web\/es\/wp-json\/wp\/v2\/pages\/335\/revisions"}],"predecessor-version":[{"id":20047,"href":"https:\/\/ermitaberriip.educacion.navarra.es\/web\/es\/wp-json\/wp\/v2\/pages\/335\/revisions\/20047"}],"wp:attachment":[{"href":"https:\/\/ermitaberriip.educacion.navarra.es\/web\/es\/wp-json\/wp\/v2\/media?parent=335"}],"curies":[{"name":"wp","href":"https:\/\/api.w.org\/{rel}","templated":true}]}}