{"id":398,"date":"2018-04-01T00:34:55","date_gmt":"2018-03-31T22:34:55","guid":{"rendered":"https:\/\/ermitaberriip.educacion.navarra.es\/web\/?page_id=398"},"modified":"2023-11-14T13:04:17","modified_gmt":"2023-11-14T12:04:17","slug":"instrucciones-acceso-educa","status":"publish","type":"page","link":"https:\/\/ermitaberriip.educacion.navarra.es\/web\/es\/instrucciones-acceso-educa\/","title":{"rendered":"Instrucciones acceso EDUCA"},"content":{"rendered":"<p>1 &#8211; Haz clic en el siguiente enlace: <strong><a href=\"https:\/\/educa.navarra.es\/\" target=\"_blank\" rel=\"noopener noreferrer\">EDUCA<\/a><\/strong><\/p>\n<p>2 &#8211; Si ya eres usuario de EDUCA, teclea tu usuario y contrase\u00f1a.<\/p>\n<p style=\"padding-left: 30px;\">Si has olvidado estos datos o es la primera vez que accedes, pincha en \u00ab<em>Accedo por primera vez \/ No recuerdo la contrase\u00f1a<\/em>\u00ab.<\/p>\n<p><a href=\"https:\/\/ermitaberriip.educacion.navarra.es\/web\/wp-content\/uploads\/2021\/03\/Educa-1.-pantalla-erdaraz.jpg\"><img fetchpriority=\"high\" decoding=\"async\" class=\"size-full wp-image-17868 alignnone\" src=\"https:\/\/ermitaberriip.educacion.navarra.es\/web\/wp-content\/uploads\/2023\/11\/EDUCAn-sartzeko-pantalla-Erdaraz.jpg\" alt=\"\" width=\"566\" height=\"367\" srcset=\"https:\/\/ermitaberriip.educacion.navarra.es\/web\/wp-content\/uploads\/2023\/11\/EDUCAn-sartzeko-pantalla-Erdaraz.jpg 566w, https:\/\/ermitaberriip.educacion.navarra.es\/web\/wp-content\/uploads\/2023\/11\/EDUCAn-sartzeko-pantalla-Erdaraz-300x195.jpg 300w\" sizes=\"(max-width: 566px) 100vw, 566px\" \/><\/a><\/p>\n<p>3 &#8211; Introduce tu DNI, NIE, pasaporte o nombre de usuario, y pincha sobre \u00ab<em>Enviar &#8211; Bidali<\/em>\u00ab.<\/p>\n<p><a href=\"https:\/\/ermitaberriip.educacion.navarra.es\/web\/wp-content\/uploads\/2018\/04\/Educa-2.-pantalla.jpg\"><img decoding=\"async\" class=\"aligncenter wp-image-393 size-full\" src=\"https:\/\/ermitaberriip.educacion.navarra.es\/web\/wp-content\/uploads\/2018\/04\/Educa-2.-pantalla.jpg\" alt=\"\" width=\"928\" height=\"485\" \/><\/a><\/p>\n<p>4 &#8211; Recibir\u00e1s, en la direcci\u00f3n e-mail que facilitaste al colegio, un correo con tu nombre de usuario y un enlace en el que, pinchando sobre \u00e9l, podr\u00e1s establecer tu contrase\u00f1a.<\/p>\n<p>5 &#8211; La contrase\u00f1a deber\u00e1 tener un m\u00ednimo de 8 caracteres en min\u00fascula, con al menos una letra y un n\u00famero, y no podr\u00e1 coincidir con tu DNI \/ NIE \/ Pasaporte.<\/p>\n<p>Por tanto, para entrar en EDUCA tendr\u00e1s:<\/p>\n<ul style=\"list-style-type: disc;\">\n<li><strong>Usuario<\/strong>: el que te ha llegado al correo.<\/li>\n<li><strong>Contrase\u00f1a<\/strong>: la que hayas establecido en el paso anterior.<\/li>\n<\/ul>\n<p>Una vez en EDUCA, podr\u00e1s acceder a las calificaciones y descargar el bolet\u00edn. Adem\u00e1s, en EDUCA podr\u00e1s consultar las faltas de asistencia, el expediente acad\u00e9mico (ERPA) o los datos personales, entre otras funcionalidades.<\/p>\n","protected":false},"excerpt":{"rendered":"<p>1 &#8211; Haz clic en el siguiente enlace: EDUCA 2 &#8211; Si ya eres usuario de EDUCA, teclea tu usuario y contrase\u00f1a. Si has olvidado estos datos o es la primera vez que accedes, pincha en \u00abAccedo por primera vez \/ No recuerdo la contrase\u00f1a\u00ab. 3 &#8211; Introduce tu DNI, NIE, pasaporte o nombre de [&hellip;]<\/p>\n","protected":false},"author":1,"featured_media":0,"parent":0,"menu_order":0,"comment_status":"closed","ping_status":"closed","template":"","meta":{"_editorskit_title_hidden":false,"_editorskit_reading_time":1,"_editorskit_is_block_options_detached":false,"_editorskit_block_options_position":"{}","_genesis_hide_title":false,"_genesis_hide_breadcrumbs":false,"_genesis_hide_singular_image":false,"_genesis_hide_footer_widgets":false,"_genesis_custom_body_class":"","_genesis_custom_post_class":"","_genesis_layout":"","footnotes":""},"_links":{"self":[{"href":"https:\/\/ermitaberriip.educacion.navarra.es\/web\/es\/wp-json\/wp\/v2\/pages\/398"}],"collection":[{"href":"https:\/\/ermitaberriip.educacion.navarra.es\/web\/es\/wp-json\/wp\/v2\/pages"}],"about":[{"href":"https:\/\/ermitaberriip.educacion.navarra.es\/web\/es\/wp-json\/wp\/v2\/types\/page"}],"author":[{"embeddable":true,"href":"https:\/\/ermitaberriip.educacion.navarra.es\/web\/es\/wp-json\/wp\/v2\/users\/1"}],"replies":[{"embeddable":true,"href":"https:\/\/ermitaberriip.educacion.navarra.es\/web\/es\/wp-json\/wp\/v2\/comments?post=398"}],"version-history":[{"count":15,"href":"https:\/\/ermitaberriip.educacion.navarra.es\/web\/es\/wp-json\/wp\/v2\/pages\/398\/revisions"}],"predecessor-version":[{"id":17870,"href":"https:\/\/ermitaberriip.educacion.navarra.es\/web\/es\/wp-json\/wp\/v2\/pages\/398\/revisions\/17870"}],"wp:attachment":[{"href":"https:\/\/ermitaberriip.educacion.navarra.es\/web\/es\/wp-json\/wp\/v2\/media?parent=398"}],"curies":[{"name":"wp","href":"https:\/\/api.w.org\/{rel}","templated":true}]}}