{"id":426,"date":"2018-04-02T23:15:22","date_gmt":"2018-04-02T21:15:22","guid":{"rendered":"https:\/\/ermitaberriip.educacion.navarra.es\/web\/?page_id=426"},"modified":"2018-05-08T18:41:51","modified_gmt":"2018-05-08T16:41:51","slug":"padres-formados-hijos-educados","status":"publish","type":"page","link":"https:\/\/ermitaberriip.educacion.navarra.es\/web\/es\/padres-formados-hijos-educados\/","title":{"rendered":"Padres formados, hijos educados"},"content":{"rendered":"<p>Padres formados, hijos educados, la gu\u00eda de la pedagoga Leticia Garc\u00e9s Larrea, madre en Ermitaberri, nos ense\u00f1a estrategias para entender mejor a nuestros hijos, desde la reflexi\u00f3n y la educaci\u00f3n de las emociones. Es un libro que puede ser fundamental para cambiar criterios antiguos de ense\u00f1anza en pro de un m\u00e9todo mejor. M\u00e1s informaci\u00f3n <a href=\"http:\/\/padresformados.es\/blog\/2017\/10\/23\/libro-padres-formados-hijos-educados\/\" target=\"_blank\" rel=\"noopener\">aqu\u00ed<\/a>.<\/p>\n<p>Adem\u00e1s, puedes leer la entrevista en el suplemento del Diario de Noticias del pasado 30 de diciembre de 2017 en la que se resumen gran parte de las ideas del libro. Haz clic <a href=\"https:\/\/ermitaberriip.educacion.navarra.es\/web\/wp-content\/uploads\/2018\/04\/Padres-formados-hijos-educados-Elkarrizketa.pdf\" target=\"_blank\" rel=\"noopener\">aqu\u00ed<\/a>.<\/p>\n<p><img fetchpriority=\"high\" decoding=\"async\" class=\"alignnone size-large wp-image-424\" src=\"https:\/\/ermitaberriip.educacion.navarra.es\/web\/wp-content\/uploads\/2018\/04\/Padres-formados-hijos-educados.jpg\" alt=\"\" width=\"1024\" height=\"512\" srcset=\"https:\/\/ermitaberriip.educacion.navarra.es\/web\/wp-content\/uploads\/2018\/04\/Padres-formados-hijos-educados.jpg 1024w, https:\/\/ermitaberriip.educacion.navarra.es\/web\/wp-content\/uploads\/2018\/04\/Padres-formados-hijos-educados-800x400.jpg 800w\" sizes=\"(max-width: 1024px) 100vw, 1024px\" \/><\/p>\n","protected":false},"excerpt":{"rendered":"<p>Padres formados, hijos educados, la gu\u00eda de la pedagoga Leticia Garc\u00e9s Larrea, madre en Ermitaberri, nos ense\u00f1a estrategias para entender mejor a nuestros hijos, desde la reflexi\u00f3n y la educaci\u00f3n de las emociones. Es un libro que puede ser fundamental para cambiar criterios antiguos de ense\u00f1anza en pro de un m\u00e9todo mejor. M\u00e1s informaci\u00f3n aqu\u00ed. [&hellip;]<\/p>\n","protected":false},"author":1,"featured_media":0,"parent":0,"menu_order":0,"comment_status":"closed","ping_status":"closed","template":"","meta":{"_editorskit_title_hidden":false,"_editorskit_reading_time":0,"_editorskit_is_block_options_detached":false,"_editorskit_block_options_position":"{}","_genesis_hide_title":false,"_genesis_hide_breadcrumbs":false,"_genesis_hide_singular_image":false,"_genesis_hide_footer_widgets":false,"_genesis_custom_body_class":"","_genesis_custom_post_class":"","_genesis_layout":"","footnotes":""},"_links":{"self":[{"href":"https:\/\/ermitaberriip.educacion.navarra.es\/web\/es\/wp-json\/wp\/v2\/pages\/426"}],"collection":[{"href":"https:\/\/ermitaberriip.educacion.navarra.es\/web\/es\/wp-json\/wp\/v2\/pages"}],"about":[{"href":"https:\/\/ermitaberriip.educacion.navarra.es\/web\/es\/wp-json\/wp\/v2\/types\/page"}],"author":[{"embeddable":true,"href":"https:\/\/ermitaberriip.educacion.navarra.es\/web\/es\/wp-json\/wp\/v2\/users\/1"}],"replies":[{"embeddable":true,"href":"https:\/\/ermitaberriip.educacion.navarra.es\/web\/es\/wp-json\/wp\/v2\/comments?post=426"}],"version-history":[{"count":2,"href":"https:\/\/ermitaberriip.educacion.navarra.es\/web\/es\/wp-json\/wp\/v2\/pages\/426\/revisions"}],"predecessor-version":[{"id":4183,"href":"https:\/\/ermitaberriip.educacion.navarra.es\/web\/es\/wp-json\/wp\/v2\/pages\/426\/revisions\/4183"}],"wp:attachment":[{"href":"https:\/\/ermitaberriip.educacion.navarra.es\/web\/es\/wp-json\/wp\/v2\/media?parent=426"}],"curies":[{"name":"wp","href":"https:\/\/api.w.org\/{rel}","templated":true}]}}