{"id":438,"date":"2018-04-02T23:27:39","date_gmt":"2018-04-02T21:27:39","guid":{"rendered":"https:\/\/ermitaberriip.educacion.navarra.es\/web\/?page_id=438"},"modified":"2018-05-08T18:48:53","modified_gmt":"2018-05-08T16:48:53","slug":"www-era-eus","status":"publish","type":"page","link":"https:\/\/ermitaberriip.educacion.navarra.es\/web\/es\/www-era-eus\/","title":{"rendered":"www.era.eus"},"content":{"rendered":"<p>La web <strong><a href=\"http:\/\/eranafarroa.eus\/es\/\" target=\"_blank\" rel=\"noopener\">www.era.eus<\/a><\/strong> surge por la colaboraci\u00f3n de los servicios de euskera de 28 entidades locales de Navarra, con el objeto <strong>ofrecer ayuda y recursos para las familias de los ni\u00f1os y ni\u00f1as que aprenden en euskera<\/strong>, as\u00ed como para completar su proceso de aprendizaje. Los ni\u00f1os y ni\u00f1as adquieren y desarrollan conocimientos y competencias que corresponden a su edad, pero si tenemos en cuenta la desigual presencia del euskera en nuestra sociedad, es conveniente reforzar esos conocimientos y competencias fuera del \u00e1mbito escolar, es decir, en casa, en actividades culturales o en actividades extraescolares.<\/p>\n<p><a href=\"http:\/\/eranafarroa.eus\/es\/\" target=\"_blank\" rel=\"noopener\"><img decoding=\"async\" class=\"size-full wp-image-435\" src=\"https:\/\/ermitaberriip.educacion.navarra.es\/web\/wp-content\/uploads\/2018\/04\/era-belaunaldi-berrien-aukera-la-era-del-euskera-logo.png\" alt=\"\" width=\"300\" height=\"121\" \/><\/a><\/p>\n","protected":false},"excerpt":{"rendered":"<p>La web www.era.eus surge por la colaboraci\u00f3n de los servicios de euskera de 28 entidades locales de Navarra, con el objeto ofrecer ayuda y recursos para las familias de los ni\u00f1os y ni\u00f1as que aprenden en euskera, as\u00ed como para completar su proceso de aprendizaje. Los ni\u00f1os y ni\u00f1as adquieren y desarrollan conocimientos y competencias [&hellip;]<\/p>\n","protected":false},"author":1,"featured_media":0,"parent":0,"menu_order":0,"comment_status":"closed","ping_status":"closed","template":"","meta":{"_editorskit_title_hidden":false,"_editorskit_reading_time":0,"_editorskit_is_block_options_detached":false,"_editorskit_block_options_position":"{}","_genesis_hide_title":false,"_genesis_hide_breadcrumbs":false,"_genesis_hide_singular_image":false,"_genesis_hide_footer_widgets":false,"_genesis_custom_body_class":"","_genesis_custom_post_class":"","_genesis_layout":"","footnotes":""},"_links":{"self":[{"href":"https:\/\/ermitaberriip.educacion.navarra.es\/web\/es\/wp-json\/wp\/v2\/pages\/438"}],"collection":[{"href":"https:\/\/ermitaberriip.educacion.navarra.es\/web\/es\/wp-json\/wp\/v2\/pages"}],"about":[{"href":"https:\/\/ermitaberriip.educacion.navarra.es\/web\/es\/wp-json\/wp\/v2\/types\/page"}],"author":[{"embeddable":true,"href":"https:\/\/ermitaberriip.educacion.navarra.es\/web\/es\/wp-json\/wp\/v2\/users\/1"}],"replies":[{"embeddable":true,"href":"https:\/\/ermitaberriip.educacion.navarra.es\/web\/es\/wp-json\/wp\/v2\/comments?post=438"}],"version-history":[{"count":3,"href":"https:\/\/ermitaberriip.educacion.navarra.es\/web\/es\/wp-json\/wp\/v2\/pages\/438\/revisions"}],"predecessor-version":[{"id":441,"href":"https:\/\/ermitaberriip.educacion.navarra.es\/web\/es\/wp-json\/wp\/v2\/pages\/438\/revisions\/441"}],"wp:attachment":[{"href":"https:\/\/ermitaberriip.educacion.navarra.es\/web\/es\/wp-json\/wp\/v2\/media?parent=438"}],"curies":[{"name":"wp","href":"https:\/\/api.w.org\/{rel}","templated":true}]}}