{"id":533,"date":"2018-04-03T22:51:53","date_gmt":"2018-04-03T20:51:53","guid":{"rendered":"https:\/\/ermitaberriip.educacion.navarra.es\/web\/?page_id=533"},"modified":"2019-11-15T08:59:04","modified_gmt":"2019-11-15T07:59:04","slug":"bertsolarismo","status":"publish","type":"page","link":"https:\/\/ermitaberriip.educacion.navarra.es\/web\/es\/bertsolarismo\/","title":{"rendered":"Bertsolarismo"},"content":{"rendered":"<p><span style=\"color: #808080;\">Actualizado a 15\/11\/2019<\/span><\/p>\n<p>El curso <strong>Bertsolaritza Irakaskuntzan<\/strong> es un programa que organiza la <a href=\"https:\/\/www.bertsozale.eus\/es?set_language=es\" target=\"_blank\" rel=\"noopener noreferrer\">Asociaci\u00f3n de Amigos del Bertsolarismo<\/a> en colaboraci\u00f3n con el Ayuntamiento. Tiene un recorrido de casi 30 a\u00f1os. Trabajaremos sobre dos objetivos principales:<\/p>\n<ul style=\"list-style-type: disc;\">\n<li>Enfatizar el bertsolarismo, la expresi\u00f3n oral y la transmisi\u00f3n de la cultura vasca<\/li>\n<li>Desarrollar las capacidades de expresi\u00f3n en euskera de los alumnos\/as<\/li>\n<\/ul>\n<p>Para ello, un profesor especialista de la Asociaci\u00f3n de Amigos del Bertsolarismo impartir\u00e1 las clases, siempre en coordinaci\u00f3n y colaboraci\u00f3n con el colegio y los tutores\/as correspondientes. Este a\u00f1o tenemos con nosotros a Xabier Terreros, que impartir\u00e1 una sesi\u00f3n semanal en 6\u00ba de Primaria hasta el mes de febrero.<\/p>\n<p>Para los alumnos y alumnas de 5\u00ba curso haremos otro tanto, entre el 26 de marzo y el 4 de junio, para un total de 10 sesiones, siendo Iker Gorosterrazu el profesor bertsolari.<\/p>\n<p>&nbsp;<\/p>\n<h4><strong>\u00bfQu\u00e9 trabajaremos este curso?<\/strong><\/h4>\n<p>En primer lugar, analizaremos las caracter\u00edsticas principales del bertso (rimas, medidas, melod\u00edas&#8230;), y tambi\u00e9n conoceremos la historia del bertsolarismo. Siendo la creaci\u00f3n del bertso una actividad que requiere pensar y actuar en euskera, incidiremos en las competencias ling\u00fc\u00edsticas y en la expresi\u00f3n oral de los alumnos\/as. Adem\u00e1s, trabajaremos las habilidades sociales y personales: seguridad para hablar en p\u00fablico, confianza para crear desde cero, actitud para escuchar lo que dicen los dem\u00e1s&#8230;<\/p>\n<p>Para ello, prepararemos ejercicios adecuados a cada clase, teniendo como base el aspecto l\u00fadico del lenguaje. Partiendo del bertso en papel (bertsopapera), trabajaremos para los alumnos\/as logren improvisar un bertso. Por \u00faltimo, para finalizar el periodo de aprendizaje organizaremos\u00a0una sesi\u00f3n de bertsolarismo donde los alumnos\/as participar\u00e1n activamente creando sus propios bertsos.<\/p>\n","protected":false},"excerpt":{"rendered":"<p>Actualizado a 15\/11\/2019 El curso Bertsolaritza Irakaskuntzan es un programa que organiza la Asociaci\u00f3n de Amigos del Bertsolarismo en colaboraci\u00f3n con el Ayuntamiento. Tiene un recorrido de casi 30 a\u00f1os. Trabajaremos sobre dos objetivos principales: Enfatizar el bertsolarismo, la expresi\u00f3n oral y la transmisi\u00f3n de la cultura vasca Desarrollar las capacidades de expresi\u00f3n en euskera [&hellip;]<\/p>\n","protected":false},"author":1,"featured_media":0,"parent":0,"menu_order":0,"comment_status":"closed","ping_status":"closed","template":"","meta":{"_editorskit_title_hidden":false,"_editorskit_reading_time":0,"_editorskit_is_block_options_detached":false,"_editorskit_block_options_position":"{}","_genesis_hide_title":false,"_genesis_hide_breadcrumbs":false,"_genesis_hide_singular_image":false,"_genesis_hide_footer_widgets":false,"_genesis_custom_body_class":"","_genesis_custom_post_class":"","_genesis_layout":"","footnotes":""},"_links":{"self":[{"href":"https:\/\/ermitaberriip.educacion.navarra.es\/web\/es\/wp-json\/wp\/v2\/pages\/533"}],"collection":[{"href":"https:\/\/ermitaberriip.educacion.navarra.es\/web\/es\/wp-json\/wp\/v2\/pages"}],"about":[{"href":"https:\/\/ermitaberriip.educacion.navarra.es\/web\/es\/wp-json\/wp\/v2\/types\/page"}],"author":[{"embeddable":true,"href":"https:\/\/ermitaberriip.educacion.navarra.es\/web\/es\/wp-json\/wp\/v2\/users\/1"}],"replies":[{"embeddable":true,"href":"https:\/\/ermitaberriip.educacion.navarra.es\/web\/es\/wp-json\/wp\/v2\/comments?post=533"}],"version-history":[{"count":6,"href":"https:\/\/ermitaberriip.educacion.navarra.es\/web\/es\/wp-json\/wp\/v2\/pages\/533\/revisions"}],"predecessor-version":[{"id":10082,"href":"https:\/\/ermitaberriip.educacion.navarra.es\/web\/es\/wp-json\/wp\/v2\/pages\/533\/revisions\/10082"}],"wp:attachment":[{"href":"https:\/\/ermitaberriip.educacion.navarra.es\/web\/es\/wp-json\/wp\/v2\/media?parent=533"}],"curies":[{"name":"wp","href":"https:\/\/api.w.org\/{rel}","templated":true}]}}