{"id":848,"date":"2018-04-08T09:35:16","date_gmt":"2018-04-08T07:35:16","guid":{"rendered":"https:\/\/ermitaberriip.educacion.navarra.es\/web\/?page_id=848"},"modified":"2018-05-08T10:55:16","modified_gmt":"2018-05-08T08:55:16","slug":"futbito","status":"publish","type":"page","link":"https:\/\/ermitaberriip.educacion.navarra.es\/web\/es\/futbito\/","title":{"rendered":"Escuela de f\u00fatbol"},"content":{"rendered":"\t\t<div data-elementor-type=\"wp-post\" data-elementor-id=\"848\" class=\"elementor elementor-848 elementor-816 elementor-bc-flex-widget\" data-elementor-post-type=\"page\">\n\t\t\t\t\t\t\t\t\t<section class=\"elementor-section elementor-top-section elementor-element elementor-element-22467e6e elementor-section-full_width elementor-section-content-middle elementor-section-height-default elementor-section-height-default\" data-id=\"22467e6e\" data-element_type=\"section\" data-settings=\"{&quot;background_background&quot;:&quot;gradient&quot;}\">\n\t\t\t\t\t\t\t<div class=\"elementor-background-overlay\"><\/div>\n\t\t\t\t\t\t\t<div class=\"elementor-container elementor-column-gap-narrow\">\n\t\t\t\t\t<div class=\"elementor-column elementor-col-100 elementor-top-column elementor-element elementor-element-677a6e6f\" data-id=\"677a6e6f\" data-element_type=\"column\">\n\t\t\t<div class=\"elementor-widget-wrap elementor-element-populated\">\n\t\t\t\t\t\t\t\t<div class=\"elementor-element elementor-element-1f4ce702 elementor-widget elementor-widget-image-gallery\" data-id=\"1f4ce702\" data-element_type=\"widget\" data-widget_type=\"image-gallery.default\">\n\t\t\t\t<div class=\"elementor-widget-container\">\n\t\t\t\t\t<div class=\"elementor-image-gallery\">\n\t\t\t<div id='gallery-1' class='gallery galleryid-848 gallery-columns-3 gallery-size-medium'><dl class='gallery-item'>\n\t\t\t<dt class='gallery-icon landscape'>\n\t\t\t\t<a data-elementor-open-lightbox=\"yes\" data-elementor-lightbox-slideshow=\"1f4ce702\" data-elementor-lightbox-title=\"Futbito 1\" data-e-action-hash=\"#elementor-action%3Aaction%3Dlightbox%26settings%3DeyJpZCI6ODM2LCJ1cmwiOiJodHRwczpcL1wvZXJtaXRhYmVycmlpcC5lZHVjYWNpb24ubmF2YXJyYS5lc1wvd2ViXC93cC1jb250ZW50XC91cGxvYWRzXC8yMDE4XC8wNFwvRnV0Yml0by0xLmpwZyIsInNsaWRlc2hvdyI6IjFmNGNlNzAyIn0%3D\" href='https:\/\/ermitaberriip.educacion.navarra.es\/web\/wp-content\/uploads\/2018\/04\/Futbito-1.jpg'><img fetchpriority=\"high\" decoding=\"async\" width=\"300\" height=\"225\" src=\"https:\/\/ermitaberriip.educacion.navarra.es\/web\/wp-content\/uploads\/2018\/04\/Futbito-1.jpg\" class=\"attachment-medium size-medium\" alt=\"\" aria-describedby=\"gallery-1-836\" \/><\/a>\n\t\t\t<\/dt>\n\t\t\t\t<dd class='wp-caption-text gallery-caption' id='gallery-1-836'>\n\t\t\t\tFutbito\n\t\t\t\t<\/dd><\/dl><dl class='gallery-item'>\n\t\t\t<dt class='gallery-icon landscape'>\n\t\t\t\t<a data-elementor-open-lightbox=\"yes\" data-elementor-lightbox-slideshow=\"1f4ce702\" data-elementor-lightbox-title=\"Futbito 2\" data-e-action-hash=\"#elementor-action%3Aaction%3Dlightbox%26settings%3DeyJpZCI6ODM4LCJ1cmwiOiJodHRwczpcL1wvZXJtaXRhYmVycmlpcC5lZHVjYWNpb24ubmF2YXJyYS5lc1wvd2ViXC93cC1jb250ZW50XC91cGxvYWRzXC8yMDE4XC8wNFwvRnV0Yml0by0yLmpwZyIsInNsaWRlc2hvdyI6IjFmNGNlNzAyIn0%3D\" href='https:\/\/ermitaberriip.educacion.navarra.es\/web\/wp-content\/uploads\/2018\/04\/Futbito-2.jpg'><img decoding=\"async\" width=\"300\" height=\"225\" src=\"https:\/\/ermitaberriip.educacion.navarra.es\/web\/wp-content\/uploads\/2018\/04\/Futbito-2.jpg\" class=\"attachment-medium size-medium\" alt=\"\" aria-describedby=\"gallery-1-838\" \/><\/a>\n\t\t\t<\/dt>\n\t\t\t\t<dd class='wp-caption-text gallery-caption' id='gallery-1-838'>\n\t\t\t\tFutbito\n\t\t\t\t<\/dd><\/dl><dl class='gallery-item'>\n\t\t\t<dt class='gallery-icon landscape'>\n\t\t\t\t<a data-elementor-open-lightbox=\"yes\" data-elementor-lightbox-slideshow=\"1f4ce702\" data-elementor-lightbox-title=\"Futbito 3\" data-e-action-hash=\"#elementor-action%3Aaction%3Dlightbox%26settings%3DeyJpZCI6ODQwLCJ1cmwiOiJodHRwczpcL1wvZXJtaXRhYmVycmlpcC5lZHVjYWNpb24ubmF2YXJyYS5lc1wvd2ViXC93cC1jb250ZW50XC91cGxvYWRzXC8yMDE4XC8wNFwvRnV0Yml0by0zLmpwZyIsInNsaWRlc2hvdyI6IjFmNGNlNzAyIn0%3D\" href='https:\/\/ermitaberriip.educacion.navarra.es\/web\/wp-content\/uploads\/2018\/04\/Futbito-3.jpg'><img decoding=\"async\" width=\"300\" height=\"225\" src=\"https:\/\/ermitaberriip.educacion.navarra.es\/web\/wp-content\/uploads\/2018\/04\/Futbito-3.jpg\" class=\"attachment-medium size-medium\" alt=\"\" aria-describedby=\"gallery-1-840\" \/><\/a>\n\t\t\t<\/dt>\n\t\t\t\t<dd class='wp-caption-text gallery-caption' id='gallery-1-840'>\n\t\t\t\tFutbito\n\t\t\t\t<\/dd><\/dl><br style=\"clear: both\" \/>\n\t\t<\/div>\n\t\t<\/div>\n\t\t\t\t<\/div>\n\t\t\t\t<\/div>\n\t\t\t\t\t<\/div>\n\t\t<\/div>\n\t\t\t\t\t\t\t<\/div>\n\t\t<\/section>\n\t\t\t\t<section class=\"elementor-section elementor-top-section elementor-element elementor-element-b1f1b0d elementor-section-boxed elementor-section-height-default elementor-section-height-default\" data-id=\"b1f1b0d\" data-element_type=\"section\">\n\t\t\t\t\t\t<div class=\"elementor-container elementor-column-gap-default\">\n\t\t\t\t\t<div class=\"elementor-column elementor-col-100 elementor-top-column elementor-element elementor-element-6a2fa11\" data-id=\"6a2fa11\" data-element_type=\"column\">\n\t\t\t<div class=\"elementor-widget-wrap elementor-element-populated\">\n\t\t\t\t\t\t\t\t<div class=\"elementor-element elementor-element-2084500 elementor-widget elementor-widget-text-editor\" data-id=\"2084500\" data-element_type=\"widget\" data-widget_type=\"text-editor.default\">\n\t\t\t\t<div class=\"elementor-widget-container\">\n\t\t\t\t\t\t\t<p>Esta actividad est\u00e1\u00a0dirigida y gestionada de forma desinteresada y gratuita por el Club Burlada F\u00fatbol Eskola, en estrecha colaboraci\u00f3n con Ermitaberri.<\/p><p>La prioridad de la actividad es la utilizaci\u00f3n del euskara fuera del horario escolar.<\/p><p>La actividad l\u00fadico-deportiva comienza desde los <strong>5 a\u00f1os<\/strong>. Los equipos participan semanalmente en los Juegos Deportivos de Navarra, campeonato de futbito txiki, Fundaci\u00f3n Osasuna, Intermunicipal, federados categor\u00eda Benjam\u00edn y F\u00fatbol 7. No es obligatorio participar en las competiciones.<\/p><p>Los <strong>equipos<\/strong> pueden ser <strong>mixtos<\/strong>.<\/p><p>Los entrenamientos se realizan normalmente 2 d\u00edas por semana y siempre priorizando los estudios y tareas.<\/p><p>Los monitores-entrenadores son todos euskaldunes, algunos de ellos ex\u2013alumnos de Ermitaberri.<\/p><p>Los partidos se disputan los s\u00e1bados por la ma\u00f1ana en el patio de Ermitaberri desde las 9:30h hasta las 14:00h; suele haber txistorrada y m\u00fasica en euskera.<\/p><p>El club es Club Convenido del C.A. Osasuna, por lo que entre otras cosas se reciben entradas para ver los partidos en El Sadar.<\/p><p>Todos los a\u00f1os participamos con los alumnos y alumnas de 6\u00ba en el torneo interescolar que Osasuna organiza en las instalaciones de Tajonar durante las navidades.\u00a0<\/p><p>El presupuesto anual se cubre con las cuotas de los padres, venta de boletos, txistorradas y la aportaci\u00f3n del Patronato de Deportes como Escuela Deportiva.<\/p><p>Desde el curso 2009\/10 hay un acuerdo entre el Patronato Municipal de Deportes, UCD Burlad\u00e9s y Burlata Futbol Eskola, mediante el cual existir\u00e1 una vinculaci\u00f3n entre los dos clubes deportivos. Ello conllevar\u00e1 la oferta en euskera para los practicantes de f\u00fatbol que as\u00ed lo deseen, y una mejora de las condiciones de los euskaldunes en cuanto a instalaciones, subvenciones, etc.<\/p><p>Tambi\u00e9n tienen la oportunidad de, a partir de los 11 a\u00f1os, pasar al UCD Burlad\u00e9s y continuar en categor\u00edas superiores de F\u00fatbol 11.<\/p>\t\t\t\t\t\t<\/div>\n\t\t\t\t<\/div>\n\t\t\t\t\t<\/div>\n\t\t<\/div>\n\t\t\t\t\t\t\t<\/div>\n\t\t<\/section>\n\t\t\t\t\t\t\t<\/div>\n\t\t","protected":false},"excerpt":{"rendered":"<p>Futbito Futbito Futbito &nbsp; Esta actividad est\u00e1\u00a0dirigida y gestionada de forma desinteresada y gratuita por el Club Burlada F\u00fatbol Eskola, en estrecha colaboraci\u00f3n con Ermitaberri. La prioridad de la actividad es la utilizaci\u00f3n del euskara fuera del horario escolar. La actividad l\u00fadico-deportiva comienza desde los 5 a\u00f1os. Los equipos participan semanalmente en los Juegos Deportivos [&hellip;]<\/p>\n","protected":false},"author":1,"featured_media":0,"parent":0,"menu_order":0,"comment_status":"closed","ping_status":"closed","template":"","meta":{"_editorskit_title_hidden":false,"_editorskit_reading_time":0,"_editorskit_is_block_options_detached":false,"_editorskit_block_options_position":"{}","_genesis_hide_title":false,"_genesis_hide_breadcrumbs":false,"_genesis_hide_singular_image":false,"_genesis_hide_footer_widgets":false,"_genesis_custom_body_class":"","_genesis_custom_post_class":"","_genesis_layout":"","footnotes":""},"_links":{"self":[{"href":"https:\/\/ermitaberriip.educacion.navarra.es\/web\/es\/wp-json\/wp\/v2\/pages\/848"}],"collection":[{"href":"https:\/\/ermitaberriip.educacion.navarra.es\/web\/es\/wp-json\/wp\/v2\/pages"}],"about":[{"href":"https:\/\/ermitaberriip.educacion.navarra.es\/web\/es\/wp-json\/wp\/v2\/types\/page"}],"author":[{"embeddable":true,"href":"https:\/\/ermitaberriip.educacion.navarra.es\/web\/es\/wp-json\/wp\/v2\/users\/1"}],"replies":[{"embeddable":true,"href":"https:\/\/ermitaberriip.educacion.navarra.es\/web\/es\/wp-json\/wp\/v2\/comments?post=848"}],"version-history":[{"count":6,"href":"https:\/\/ermitaberriip.educacion.navarra.es\/web\/es\/wp-json\/wp\/v2\/pages\/848\/revisions"}],"predecessor-version":[{"id":3997,"href":"https:\/\/ermitaberriip.educacion.navarra.es\/web\/es\/wp-json\/wp\/v2\/pages\/848\/revisions\/3997"}],"wp:attachment":[{"href":"https:\/\/ermitaberriip.educacion.navarra.es\/web\/es\/wp-json\/wp\/v2\/media?parent=848"}],"curies":[{"name":"wp","href":"https:\/\/api.w.org\/{rel}","templated":true}]}}