{"id":9538,"date":"2019-10-04T18:06:09","date_gmt":"2019-10-04T16:06:09","guid":{"rendered":"https:\/\/ermitaberriip.educacion.navarra.es\/web\/?page_id=9538"},"modified":"2023-10-17T13:34:09","modified_gmt":"2023-10-17T11:34:09","slug":"consejo-escolar-2","status":"publish","type":"page","link":"https:\/\/ermitaberriip.educacion.navarra.es\/web\/es\/consejo-escolar-2\/","title":{"rendered":"Consejo Escolar"},"content":{"rendered":"\n<div>\n<div>\n<p><strong><span style=\"color: #808080;\">Actualizado a 17\/10\/2023<\/span><br \/><\/strong><\/p>\n<p>El Consejo Escolar es el \u00f3rgano de participaci\u00f3n de la comunidad educativa en el funcionamiento del centro.<\/p>\n<h3><strong>Normativa<\/strong><\/h3>\n<ul>\n<li><strong><a href=\"https:\/\/www.boe.es\/buscar\/act.php?id=BOE-A-2006-7899&amp;b=180&amp;tn=1&amp;p=20131210#a126\" target=\"_blank\" rel=\"noopener noreferrer\">Ley Org\u00e1nica 2\/2006, de 3 de mayo<\/a><\/strong>, art\u00edculos 126 y 127.<\/li>\n<li><a href=\"http:\/\/www.lexnavarra.navarra.es\/detalle.asp?r=28161\" target=\"_blank\" rel=\"noopener noreferrer\"><strong>Decreto Foral 24\/1997, de 10 de febrero<\/strong><\/a>, por el que se aprueba el Reglamento Org\u00e1nico de las Escuelas P\u00fablicas de Educaci\u00f3n Infantil, Colegios P\u00fablicos de Educaci\u00f3n Primaria y Colegios P\u00fablicos de Educaci\u00f3n Infantil y Primaria (Cap\u00edtulo II. A. \u201cConsejo Escolar\u201d del T\u00edtulo II, Disposici\u00f3n Adicional Primera y Disposiciones Transitorias Primera y Tercera).<\/li>\n<li><a href=\"https:\/\/bon.navarra.es\/es\/anuncio\/-\/texto\/2023\/193\/13\" target=\"_blank\" rel=\"noopener\"><strong>Resoluci\u00f3n 340\/2023, de 17 de agosto<\/strong><\/a>, que regula las elecciones de 2023 para la renovaci\u00f3n de los Consejos Escolares.<\/li>\n<\/ul>\n<h3><strong>Miembros<\/strong><\/h3>\n<p>El Consejo Escolar de Ermitaberri estar\u00e1 integrado por los siguientes miembros, 15 en total:<\/p>\n<ul>\n<li>El Director del centro, que ser\u00e1 su Presidente.<\/li>\n<li>La Jefe de Estudios.<\/li>\n<li>Cinco profesores\/as elegidos por el Claustro.<\/li>\n<li>Cinco representantes de los padres y madres de alumnos. De ellos\/as, uno\/a ser\u00e1 nombrado\/a por la Asociaci\u00f3n de Padres y Madres, mientras que los restantes cuatro ser\u00e1n nombrados\/as tras la celebraci\u00f3n de elecciones.<\/li>\n<li>Un representante del personal de administraci\u00f3n y servicios.<\/li>\n<li>Un Concejal o representante del Ayuntamiento de Burlada.<\/li>\n<li>La Secretaria del centro, que actuar\u00e1 como Secretaria del Consejo, con voz, pero sin voto.<\/li>\n<\/ul>\n<p>Puedes consultar <a href=\"https:\/\/ermitaberriip.educacion.navarra.es\/web\/blog\/eskola-kontseiluko-kideak-2023-2024\/\" target=\"_blank\" rel=\"noopener\">aqu\u00ed<\/a> la composici\u00f3n actual del Consejo Escolar de Ermitaberri.<\/p>\n<h3><strong>Procedimiento de elecci\u00f3n de miembros<\/strong><\/h3>\n<p>Las elecciones se celebran cada dos a\u00f1os, siempre durante el primer trimestre del curso correspondiente, y en ellas renovamos la <strong>mitad<\/strong> del Consejo Escolar, primero una mitad y, tras dos a\u00f1os, la otra mitad.<\/p>\n<p>Las pr\u00f3ximas elecciones ser\u00e1n en 2023 y renovaremos la 1\u00aa mitad.<\/p>\n<h3><strong>Funciones<\/strong><\/h3>\n<p>Las funciones del Consejo Escolar ser\u00e1n, entre otras, las siguientes:<\/p>\n<ul>\n<li>Establecer las directrices para la elaboraci\u00f3n del Proyecto Educativo, aprobarlo y evaluarlo, sin perjuicio de las competencias que el Claustro de profesores tiene atribuidas en relaci\u00f3n con la planificaci\u00f3n y organizaci\u00f3n de la actividad docente. Determinar los procedimientos necesarios para la revisi\u00f3n y evaluaci\u00f3n del Proyecto Educativo.<\/li>\n<li>Aprobar el Reglamento de R\u00e9gimen Interior.<\/li>\n<li>Adoptar criterios para la elaboraci\u00f3n de la Programaci\u00f3n General Anual del Centro, aprobarla y evaluarla, respetando, en todo caso, los aspectos docentes que competen al Claustro.<\/li>\n<li>Elaborar las directrices para la programaci\u00f3n y desarrollo de las actividades complementarias y extraescolares y, en su caso, comedores y transporte, aprobarlas y evaluarlas.<\/li>\n<li>Aprobar el proyecto de presupuesto del Centro y las directrices de ejecuci\u00f3n del mismo.<\/li>\n<li>Elaborar el Calendario Escolar, conforme a las normas aprobadas por el Departamento de Educaci\u00f3n y Cultura.<\/li>\n<li>Elegir al Director.<\/li>\n<li>Proponer la revocaci\u00f3n del nombramiento del Director\/a.<\/li>\n<li>Decidir sobre la admisi\u00f3n del alumnado, con sujeci\u00f3n a la normativa vigente.<\/li>\n<li>Resolver los conflictos e imponer las correcciones con finalidad pedag\u00f3gica que correspondan a aquellas conductas del alumnado que perjudiquen gravemente la convivencia en el centro, de acuerdo con las normas que regulan los derechos y deberes del alumnado.<\/li>\n<li>Fijar las directrices para la colaboraci\u00f3n del centro, con fines culturales y educativos, con otros centros, entidades y organismos.<\/li>\n<li>Promover la renovaci\u00f3n de las instalaciones y equipo escolar, y vigilar su conservaci\u00f3n.<\/li>\n<li>Analizar y valorar la eficacia en la gesti\u00f3n de los recursos, as\u00ed como la aplicaci\u00f3n de las normas de convivencia.<\/li>\n<li>Informar la memoria anual sobre el funcionamiento del centro.<\/li>\n<li>Analizar y valorar la evoluci\u00f3n del rendimiento escolar general del centro.<\/li>\n<li>Analizar y valorar el funcionamiento general del centro, as\u00ed como los resultados de la evaluaci\u00f3n que del centro realice la Administraci\u00f3n educativa o cualquier informe sobre la marcha del mismo.<\/li>\n<\/ul>\n<p>\u00a0 \u00a0<\/p>\n<\/div>\n<\/div>\n","protected":false},"excerpt":{"rendered":"<p>Actualizado a 17\/10\/2023 El Consejo Escolar es el \u00f3rgano de participaci\u00f3n de la comunidad educativa en el funcionamiento del centro. Normativa Ley Org\u00e1nica 2\/2006, de 3 de mayo, art\u00edculos 126 y 127. Decreto Foral 24\/1997, de 10 de febrero, por el que se aprueba el Reglamento Org\u00e1nico de las Escuelas P\u00fablicas de Educaci\u00f3n Infantil, Colegios [&hellip;]<\/p>\n","protected":false},"author":1,"featured_media":4412,"parent":0,"menu_order":0,"comment_status":"closed","ping_status":"closed","template":"","meta":{"_editorskit_title_hidden":false,"_editorskit_reading_time":2,"_editorskit_is_block_options_detached":false,"_editorskit_block_options_position":"{}","_genesis_hide_title":false,"_genesis_hide_breadcrumbs":false,"_genesis_hide_singular_image":false,"_genesis_hide_footer_widgets":false,"_genesis_custom_body_class":"","_genesis_custom_post_class":"","_genesis_layout":"","footnotes":""},"_links":{"self":[{"href":"https:\/\/ermitaberriip.educacion.navarra.es\/web\/es\/wp-json\/wp\/v2\/pages\/9538"}],"collection":[{"href":"https:\/\/ermitaberriip.educacion.navarra.es\/web\/es\/wp-json\/wp\/v2\/pages"}],"about":[{"href":"https:\/\/ermitaberriip.educacion.navarra.es\/web\/es\/wp-json\/wp\/v2\/types\/page"}],"author":[{"embeddable":true,"href":"https:\/\/ermitaberriip.educacion.navarra.es\/web\/es\/wp-json\/wp\/v2\/users\/1"}],"replies":[{"embeddable":true,"href":"https:\/\/ermitaberriip.educacion.navarra.es\/web\/es\/wp-json\/wp\/v2\/comments?post=9538"}],"version-history":[{"count":17,"href":"https:\/\/ermitaberriip.educacion.navarra.es\/web\/es\/wp-json\/wp\/v2\/pages\/9538\/revisions"}],"predecessor-version":[{"id":17740,"href":"https:\/\/ermitaberriip.educacion.navarra.es\/web\/es\/wp-json\/wp\/v2\/pages\/9538\/revisions\/17740"}],"wp:featuredmedia":[{"embeddable":true,"href":"https:\/\/ermitaberriip.educacion.navarra.es\/web\/es\/wp-json\/wp\/v2\/media\/4412"}],"wp:attachment":[{"href":"https:\/\/ermitaberriip.educacion.navarra.es\/web\/es\/wp-json\/wp\/v2\/media?parent=9538"}],"curies":[{"name":"wp","href":"https:\/\/api.w.org\/{rel}","templated":true}]}}